{"id":226052,"date":"2025-10-31T10:01:04","date_gmt":"2025-10-31T09:01:04","guid":{"rendered":"https:\/\/inpre.es\/entreprise\/mission-vision-et-valeurs\/"},"modified":"2025-10-31T14:45:13","modified_gmt":"2025-10-31T13:45:13","slug":"mission-vision-et-valeurs","status":"publish","type":"page","link":"https:\/\/inpre.es\/fr\/entreprise\/mission-vision-et-valeurs\/","title":{"rendered":"Mission, vision et valeurs"},"content":{"rendered":"\t\t<div data-elementor-type=\"wp-page\" data-elementor-id=\"226052\" class=\"elementor elementor-226052 elementor-224186\" data-elementor-post-type=\"page\">\n\t\t\t\t<div class=\"elementor-element elementor-element-b308a21 e-flex e-con-boxed e-con e-parent\" data-id=\"b308a21\" data-element_type=\"container\" data-e-type=\"container\" data-settings=\"{&quot;background_background&quot;:&quot;classic&quot;}\">\n\t\t\t\t\t<div class=\"e-con-inner\">\n\t\t<div class=\"elementor-element elementor-element-bec4d13 e-con-full e-flex e-con e-child\" data-id=\"bec4d13\" data-element_type=\"container\" data-e-type=\"container\">\n\t\t\t\t<div class=\"elementor-element elementor-element-5e8d38a elementor-invisible elementor-widget elementor-widget-heading\" data-id=\"5e8d38a\" data-element_type=\"widget\" data-e-type=\"widget\" data-settings=\"{&quot;motion_fx_motion_fx_scrolling&quot;:&quot;yes&quot;,&quot;motion_fx_translateY_effect&quot;:&quot;yes&quot;,&quot;motion_fx_translateY_speed&quot;:{&quot;unit&quot;:&quot;px&quot;,&quot;size&quot;:3,&quot;sizes&quot;:[]},&quot;_animation&quot;:&quot;fadeIn&quot;,&quot;motion_fx_translateY_affectedRange&quot;:{&quot;unit&quot;:&quot;%&quot;,&quot;size&quot;:&quot;&quot;,&quot;sizes&quot;:{&quot;start&quot;:0,&quot;end&quot;:100}},&quot;motion_fx_devices&quot;:[&quot;desktop&quot;,&quot;tablet&quot;,&quot;mobile&quot;]}\" data-widget_type=\"heading.default\">\n\t\t\t\t\t<h2 class=\"elementor-heading-title elementor-size-default\">Mission, vision et valeurs<\/h2>\t\t\t\t<\/div>\n\t\t\t\t<\/div>\n\t\t\t\t\t<\/div>\n\t\t\t\t<\/div>\n\t\t<div class=\"elementor-element elementor-element-0f10c6b e-flex e-con-boxed e-con e-parent\" data-id=\"0f10c6b\" data-element_type=\"container\" data-e-type=\"container\">\n\t\t\t\t\t<div class=\"e-con-inner\">\n\t\t<div class=\"elementor-element elementor-element-32a5403 e-con-full e-flex e-con e-child\" data-id=\"32a5403\" data-element_type=\"container\" data-e-type=\"container\">\n\t\t<div class=\"elementor-element elementor-element-bf0f229 e-con-full e-flex elementor-invisible e-con e-child\" data-id=\"bf0f229\" data-element_type=\"container\" data-e-type=\"container\" data-settings=\"{&quot;background_background&quot;:&quot;classic&quot;,&quot;animation&quot;:&quot;fadeIn&quot;}\">\n\t\t\t\t<div class=\"elementor-element elementor-element-46712b9 elementor-widget elementor-widget-heading\" data-id=\"46712b9\" data-element_type=\"widget\" data-e-type=\"widget\" data-widget_type=\"heading.default\">\n\t\t\t\t\t<h2 class=\"elementor-heading-title elementor-size-default\">Mission<\/h2>\t\t\t\t<\/div>\n\t\t\t\t<div class=\"elementor-element elementor-element-e7ab283 elementor-widget elementor-widget-text-editor\" data-id=\"e7ab283\" data-element_type=\"widget\" data-e-type=\"widget\" data-widget_type=\"text-editor.default\">\n\t\t\t\t\t\t\t\t\t<p>La mission d&rsquo;INPRE est de concevoir et de fabriquer des produits en plastique renforc\u00e9 de fibres de verre, en maintenant les normes de qualit\u00e9 et de service \u00e0 la client\u00e8le les plus \u00e9lev\u00e9es, et en d\u00e9veloppant des solutions depuis la conception de l&rsquo;id\u00e9e jusqu&rsquo;\u00e0 l&rsquo;industrialisation du produit.<\/p>\t\t\t\t\t\t\t\t<\/div>\n\t\t\t\t<\/div>\n\t\t<div class=\"elementor-element elementor-element-6c82fb9 e-con-full e-flex elementor-invisible e-con e-child\" data-id=\"6c82fb9\" data-element_type=\"container\" data-e-type=\"container\" data-settings=\"{&quot;background_background&quot;:&quot;classic&quot;,&quot;animation&quot;:&quot;fadeIn&quot;}\">\n\t\t\t\t<div class=\"elementor-element elementor-element-81cdb61 elementor-widget elementor-widget-heading\" data-id=\"81cdb61\" data-element_type=\"widget\" data-e-type=\"widget\" data-widget_type=\"heading.default\">\n\t\t\t\t\t<h2 class=\"elementor-heading-title elementor-size-default\">Vision<\/h2>\t\t\t\t<\/div>\n\t\t\t\t<div class=\"elementor-element elementor-element-760c073 elementor-widget elementor-widget-text-editor\" data-id=\"760c073\" data-element_type=\"widget\" data-e-type=\"widget\" data-widget_type=\"text-editor.default\">\n\t\t\t\t\t\t\t\t\t<p>\u00catre des leaders dans la fabrication de produits en PRFV, en apportant des solutions innovantes, durables et \u00e0 haute valeur ajout\u00e9e, et en d\u00e9veloppant un portefeuille de produits diversifi\u00e9 dans diff\u00e9rents secteurs et pour diff\u00e9rents clients.<\/p>\t\t\t\t\t\t\t\t<\/div>\n\t\t\t\t<\/div>\n\t\t<div class=\"elementor-element elementor-element-2f23a1b e-con-full e-flex elementor-invisible e-con e-child\" data-id=\"2f23a1b\" data-element_type=\"container\" data-e-type=\"container\" data-settings=\"{&quot;background_background&quot;:&quot;classic&quot;,&quot;animation&quot;:&quot;fadeIn&quot;}\">\n\t\t\t\t<div class=\"elementor-element elementor-element-8e83afa elementor-widget elementor-widget-heading\" data-id=\"8e83afa\" data-element_type=\"widget\" data-e-type=\"widget\" data-widget_type=\"heading.default\">\n\t\t\t\t\t<h2 class=\"elementor-heading-title elementor-size-default\">Valeurs<\/h2>\t\t\t\t<\/div>\n\t\t\t\t<div class=\"elementor-element elementor-element-e2419e8 elementor-widget elementor-widget-text-editor\" data-id=\"e2419e8\" data-element_type=\"widget\" data-e-type=\"widget\" data-widget_type=\"text-editor.default\">\n\t\t\t\t\t\t\t\t\t<p>Les valeurs d&rsquo;INPRE sont les suivantes&nbsp;:<\/p><p>\u2022 Respect scrupuleux de la l\u00e9gislation en vigueur,<\/p><p>\u2022 Souci de la sant\u00e9, de la s\u00e9curit\u00e9 et du bien-\u00eatre des travailleurs<\/p><p>\u2022 Respect de l&rsquo;environnement, faire tout ce qui est en notre pouvoir pour prendre soin de la plan\u00e8te<\/p><p>\u2022 Engagement envers nos clients afin d&rsquo;assurer le service et leur satisfaction<\/p><p>\u2022 Encourager la culture du travail d&rsquo;\u00e9quipe et l&rsquo;excellence dans toutes nos activit\u00e9s<\/p><p>\u2022 \u00catre cr\u00e9atifs et innovants, en nous diversifiant dans les nouvelles technologies et les nouveaux march\u00e9s<\/p>\t\t\t\t\t\t\t\t<\/div>\n\t\t\t\t<\/div>\n\t\t\t\t<\/div>\n\t\t\t\t\t<\/div>\n\t\t\t\t<\/div>\n\t\t<div class=\"elementor-element elementor-element-ff1ae46 e-flex e-con-boxed e-con e-parent\" data-id=\"ff1ae46\" data-element_type=\"container\" data-e-type=\"container\" data-settings=\"{&quot;background_background&quot;:&quot;classic&quot;}\">\n\t\t\t\t\t<div class=\"e-con-inner\">\n\t\t<div class=\"elementor-element elementor-element-9bc3bcc e-con-full e-flex e-con e-child\" data-id=\"9bc3bcc\" data-element_type=\"container\" data-e-type=\"container\">\n\t\t<div class=\"elementor-element elementor-element-47b2dc4 e-con-full e-flex e-con e-child\" data-id=\"47b2dc4\" data-element_type=\"container\" data-e-type=\"container\">\n\t\t<div class=\"elementor-element elementor-element-3b7bebc e-con-full e-flex e-con e-child\" data-id=\"3b7bebc\" data-element_type=\"container\" data-e-type=\"container\">\n\t\t\t\t<div class=\"elementor-element elementor-element-83f99ff elementor-widget elementor-widget-image\" data-id=\"83f99ff\" data-element_type=\"widget\" data-e-type=\"widget\" data-widget_type=\"image.default\">\n\t\t\t\t\t\t\t\t\t\t\t\t\t\t\t\t<a href=\"https:\/\/inpre.es\/fr\/entreprise\/mission-vision-et-valeurs\/\">\n\t\t\t\t\t\t\t<img fetchpriority=\"high\" decoding=\"async\" width=\"512\" height=\"512\" src=\"https:\/\/inpre.es\/wp-content\/uploads\/2022\/11\/mision-vision-valores.png\" class=\"attachment-large size-large wp-image-225984\" alt=\"\" srcset=\"https:\/\/inpre.es\/wp-content\/uploads\/2022\/11\/mision-vision-valores.png 512w, https:\/\/inpre.es\/wp-content\/uploads\/2022\/11\/mision-vision-valores-300x300.png 300w, https:\/\/inpre.es\/wp-content\/uploads\/2022\/11\/mision-vision-valores-150x150.png 150w\" sizes=\"(max-width: 512px) 100vw, 512px\" \/>\t\t\t\t\t\t\t\t<\/a>\n\t\t\t\t\t\t\t\t\t\t\t\t\t\t\t<\/div>\n\t\t\t\t<div class=\"elementor-element elementor-element-e1963cb elementor-widget elementor-widget-heading\" data-id=\"e1963cb\" data-element_type=\"widget\" data-e-type=\"widget\" data-widget_type=\"heading.default\">\n\t\t\t\t\t<h2 class=\"elementor-heading-title elementor-size-default\"><a href=\"https:\/\/inpre.es\/fr\/entreprise\/mission-vision-et-valeurs\/\">Mission, vision et valeurs<\/a><\/h2>\t\t\t\t<\/div>\n\t\t\t\t<\/div>\n\t\t<div class=\"elementor-element elementor-element-8bad07d e-con-full e-flex e-con e-child\" data-id=\"8bad07d\" data-element_type=\"container\" data-e-type=\"container\">\n\t\t\t\t<div class=\"elementor-element elementor-element-59a5786 elementor-widget elementor-widget-image\" data-id=\"59a5786\" data-element_type=\"widget\" data-e-type=\"widget\" data-widget_type=\"image.default\">\n\t\t\t\t\t\t\t\t\t\t\t\t\t\t\t\t<a href=\"https:\/\/inpre.es\/fr\/entreprise\/responsabilite-sociale-dentreprise\/\">\n\t\t\t\t\t\t\t<img decoding=\"async\" width=\"512\" height=\"512\" src=\"https:\/\/inpre.es\/wp-content\/uploads\/2022\/11\/resposabilidad-social-corporativa.png\" class=\"attachment-large size-large wp-image-225986\" alt=\"\" srcset=\"https:\/\/inpre.es\/wp-content\/uploads\/2022\/11\/resposabilidad-social-corporativa.png 512w, https:\/\/inpre.es\/wp-content\/uploads\/2022\/11\/resposabilidad-social-corporativa-300x300.png 300w, https:\/\/inpre.es\/wp-content\/uploads\/2022\/11\/resposabilidad-social-corporativa-150x150.png 150w\" sizes=\"(max-width: 512px) 100vw, 512px\" \/>\t\t\t\t\t\t\t\t<\/a>\n\t\t\t\t\t\t\t\t\t\t\t\t\t\t\t<\/div>\n\t\t\t\t<div class=\"elementor-element elementor-element-08a1f3b elementor-widget elementor-widget-heading\" data-id=\"08a1f3b\" data-element_type=\"widget\" data-e-type=\"widget\" data-widget_type=\"heading.default\">\n\t\t\t\t\t<h2 class=\"elementor-heading-title elementor-size-default\"><a href=\"https:\/\/inpre.es\/fr\/entreprise\/responsabilite-sociale-dentreprise\/\">Responsabilit\u00e9 sociale d'entreprise<\/a><\/h2>\t\t\t\t<\/div>\n\t\t\t\t<\/div>\n\t\t\t\t<\/div>\n\t\t<div class=\"elementor-element elementor-element-14be5a8 e-con-full e-flex e-con e-child\" data-id=\"14be5a8\" data-element_type=\"container\" data-e-type=\"container\">\n\t\t<div class=\"elementor-element elementor-element-d0f6fd9 e-con-full e-flex e-con e-child\" data-id=\"d0f6fd9\" data-element_type=\"container\" data-e-type=\"container\">\n\t\t\t\t<div class=\"elementor-element elementor-element-7993397 elementor-widget elementor-widget-image\" data-id=\"7993397\" data-element_type=\"widget\" data-e-type=\"widget\" data-widget_type=\"image.default\">\n\t\t\t\t\t\t\t\t\t\t\t\t\t\t\t\t<a href=\"https:\/\/inpre.es\/fr\/entreprise\/politique-de-qualite-denvironnement-et-de-securite\/\">\n\t\t\t\t\t\t\t<img decoding=\"async\" width=\"512\" height=\"512\" src=\"https:\/\/inpre.es\/wp-content\/uploads\/2022\/11\/politicas.svg\" class=\"attachment-large size-large wp-image-225991\" alt=\"\" \/>\t\t\t\t\t\t\t\t<\/a>\n\t\t\t\t\t\t\t\t\t\t\t\t\t\t\t<\/div>\n\t\t\t\t<div class=\"elementor-element elementor-element-aaad020 elementor-widget elementor-widget-heading\" data-id=\"aaad020\" data-element_type=\"widget\" data-e-type=\"widget\" data-widget_type=\"heading.default\">\n\t\t\t\t\t<h2 class=\"elementor-heading-title elementor-size-default\"><a href=\"https:\/\/inpre.es\/fr\/entreprise\/politique-de-qualite-denvironnement-et-de-securite\/\">Politique de qualit\u00e9, d'environnement et de s\u00e9curit\u00e9<\/a><\/h2>\t\t\t\t<\/div>\n\t\t\t\t<\/div>\n\t\t<div class=\"elementor-element elementor-element-bb01aed e-con-full e-flex e-con e-child\" data-id=\"bb01aed\" data-element_type=\"container\" data-e-type=\"container\">\n\t\t\t\t<div class=\"elementor-element elementor-element-2cc0f47 elementor-widget elementor-widget-image\" data-id=\"2cc0f47\" data-element_type=\"widget\" data-e-type=\"widget\" data-widget_type=\"image.default\">\n\t\t\t\t\t\t\t\t\t\t\t\t\t\t\t\t<a href=\"https:\/\/inpre.es\/fr\/entreprise\/code-dethique-et-canal-de-signalement\/\">\n\t\t\t\t\t\t\t<img loading=\"lazy\" decoding=\"async\" width=\"150\" height=\"150\" src=\"https:\/\/inpre.es\/wp-content\/uploads\/2025\/08\/etica-150x150-1.png\" class=\"attachment-large size-large wp-image-225999\" alt=\"\" \/>\t\t\t\t\t\t\t\t<\/a>\n\t\t\t\t\t\t\t\t\t\t\t\t\t\t\t<\/div>\n\t\t\t\t<div class=\"elementor-element elementor-element-752473c elementor-widget elementor-widget-heading\" data-id=\"752473c\" data-element_type=\"widget\" data-e-type=\"widget\" data-widget_type=\"heading.default\">\n\t\t\t\t\t<h2 class=\"elementor-heading-title elementor-size-default\"><a href=\"https:\/\/inpre.es\/fr\/entreprise\/code-dethique-et-canal-de-signalement\/\">Code d'\u00e9thique et canal de signalement<\/a><\/h2>\t\t\t\t<\/div>\n\t\t\t\t<\/div>\n\t\t\t\t<\/div>\n\t\t\t\t<\/div>\n\t\t\t\t\t<\/div>\n\t\t\t\t<\/div>\n\t\t\t\t<\/div>\n\t\t","protected":false},"excerpt":{"rendered":"<p>Mission La mission d&rsquo;INPRE est de concevoir et de fabriquer des produits en plastique renforc\u00e9 de fibres de verre, en maintenant les normes de qualit\u00e9 et de service \u00e0 la client\u00e8le les plus \u00e9lev\u00e9es, et en d\u00e9veloppant des solutions depuis la conception de l&rsquo;id\u00e9e jusqu&rsquo;\u00e0 l&rsquo;industrialisation du produit. Vision \u00catre des leaders dans la fabrication [&hellip;]<\/p>\n","protected":false},"author":4,"featured_media":0,"parent":225961,"menu_order":2,"comment_status":"closed","ping_status":"closed","template":"","meta":{"footnotes":""},"class_list":["post-226052","page","type-page","status-publish","hentry"],"yoast_head":"<!-- This site is optimized with the Yoast SEO plugin v27.4 - https:\/\/yoast.com\/product\/yoast-seo-wordpress\/ -->\n<title>Mission, vision et valeurs - Inpre<\/title>\n<meta name=\"robots\" content=\"index, follow, max-snippet:-1, max-image-preview:large, max-video-preview:-1\" \/>\n<link rel=\"canonical\" href=\"https:\/\/inpre.es\/fr\/entreprise\/mission-vision-et-valeurs\/\" \/>\n<meta property=\"og:locale\" content=\"fr_FR\" \/>\n<meta property=\"og:type\" content=\"article\" \/>\n<meta property=\"og:title\" content=\"Mission, vision et valeurs - Inpre\" \/>\n<meta property=\"og:description\" content=\"Mission La mission d&rsquo;INPRE est de concevoir et de fabriquer des produits en plastique renforc\u00e9 de fibres de verre, en maintenant les normes de qualit\u00e9 et de service \u00e0 la client\u00e8le les plus \u00e9lev\u00e9es, et en d\u00e9veloppant des solutions depuis la conception de l&rsquo;id\u00e9e jusqu&rsquo;\u00e0 l&rsquo;industrialisation du produit. Vision \u00catre des leaders dans la fabrication [&hellip;]\" \/>\n<meta property=\"og:url\" content=\"https:\/\/inpre.es\/fr\/entreprise\/mission-vision-et-valeurs\/\" \/>\n<meta property=\"og:site_name\" content=\"Inpre\" \/>\n<meta property=\"article:modified_time\" content=\"2025-10-31T13:45:13+00:00\" \/>\n<meta property=\"og:image\" content=\"https:\/\/inpre.es\/wp-content\/uploads\/2022\/11\/mision-vision-valores.png\" \/>\n\t<meta property=\"og:image:width\" content=\"512\" \/>\n\t<meta property=\"og:image:height\" content=\"512\" \/>\n\t<meta property=\"og:image:type\" content=\"image\/png\" \/>\n<meta name=\"twitter:card\" content=\"summary_large_image\" \/>\n<meta name=\"twitter:label1\" content=\"Dur\u00e9e de lecture estim\u00e9e\" \/>\n\t<meta name=\"twitter:data1\" content=\"1 minute\" \/>\n<script type=\"application\/ld+json\" class=\"yoast-schema-graph\">{\"@context\":\"https:\\\/\\\/schema.org\",\"@graph\":[{\"@type\":\"WebPage\",\"@id\":\"https:\\\/\\\/inpre.es\\\/fr\\\/entreprise\\\/mission-vision-et-valeurs\\\/\",\"url\":\"https:\\\/\\\/inpre.es\\\/fr\\\/entreprise\\\/mission-vision-et-valeurs\\\/\",\"name\":\"Mission, vision et valeurs - Inpre\",\"isPartOf\":{\"@id\":\"https:\\\/\\\/inpre.es\\\/fr\\\/#website\"},\"primaryImageOfPage\":{\"@id\":\"https:\\\/\\\/inpre.es\\\/fr\\\/entreprise\\\/mission-vision-et-valeurs\\\/#primaryimage\"},\"image\":{\"@id\":\"https:\\\/\\\/inpre.es\\\/fr\\\/entreprise\\\/mission-vision-et-valeurs\\\/#primaryimage\"},\"thumbnailUrl\":\"https:\\\/\\\/inpre.es\\\/wp-content\\\/uploads\\\/2022\\\/11\\\/mision-vision-valores.png\",\"datePublished\":\"2025-10-31T09:01:04+00:00\",\"dateModified\":\"2025-10-31T13:45:13+00:00\",\"breadcrumb\":{\"@id\":\"https:\\\/\\\/inpre.es\\\/fr\\\/entreprise\\\/mission-vision-et-valeurs\\\/#breadcrumb\"},\"inLanguage\":\"fr-FR\",\"potentialAction\":[{\"@type\":\"ReadAction\",\"target\":[\"https:\\\/\\\/inpre.es\\\/fr\\\/entreprise\\\/mission-vision-et-valeurs\\\/\"]}]},{\"@type\":\"ImageObject\",\"inLanguage\":\"fr-FR\",\"@id\":\"https:\\\/\\\/inpre.es\\\/fr\\\/entreprise\\\/mission-vision-et-valeurs\\\/#primaryimage\",\"url\":\"https:\\\/\\\/inpre.es\\\/wp-content\\\/uploads\\\/2022\\\/11\\\/mision-vision-valores.png\",\"contentUrl\":\"https:\\\/\\\/inpre.es\\\/wp-content\\\/uploads\\\/2022\\\/11\\\/mision-vision-valores.png\"},{\"@type\":\"BreadcrumbList\",\"@id\":\"https:\\\/\\\/inpre.es\\\/fr\\\/entreprise\\\/mission-vision-et-valeurs\\\/#breadcrumb\",\"itemListElement\":[{\"@type\":\"ListItem\",\"position\":1,\"name\":\"Portada\",\"item\":\"https:\\\/\\\/inpre.es\\\/fr\\\/accueil\\\/\"},{\"@type\":\"ListItem\",\"position\":2,\"name\":\"Entreprise\",\"item\":\"https:\\\/\\\/inpre.es\\\/fr\\\/entreprise\\\/\"},{\"@type\":\"ListItem\",\"position\":3,\"name\":\"Mission, vision et valeurs\"}]},{\"@type\":\"WebSite\",\"@id\":\"https:\\\/\\\/inpre.es\\\/fr\\\/#website\",\"url\":\"https:\\\/\\\/inpre.es\\\/fr\\\/\",\"name\":\"Inpre\",\"description\":\"Especialistas en poliester reforzado con fibra de vidrio\",\"potentialAction\":[{\"@type\":\"SearchAction\",\"target\":{\"@type\":\"EntryPoint\",\"urlTemplate\":\"https:\\\/\\\/inpre.es\\\/fr\\\/?s={search_term_string}\"},\"query-input\":{\"@type\":\"PropertyValueSpecification\",\"valueRequired\":true,\"valueName\":\"search_term_string\"}}],\"inLanguage\":\"fr-FR\"}]}<\/script>\n<!-- \/ Yoast SEO plugin. -->","yoast_head_json":{"title":"Mission, vision et valeurs - Inpre","robots":{"index":"index","follow":"follow","max-snippet":"max-snippet:-1","max-image-preview":"max-image-preview:large","max-video-preview":"max-video-preview:-1"},"canonical":"https:\/\/inpre.es\/fr\/entreprise\/mission-vision-et-valeurs\/","og_locale":"fr_FR","og_type":"article","og_title":"Mission, vision et valeurs - Inpre","og_description":"Mission La mission d&rsquo;INPRE est de concevoir et de fabriquer des produits en plastique renforc\u00e9 de fibres de verre, en maintenant les normes de qualit\u00e9 et de service \u00e0 la client\u00e8le les plus \u00e9lev\u00e9es, et en d\u00e9veloppant des solutions depuis la conception de l&rsquo;id\u00e9e jusqu&rsquo;\u00e0 l&rsquo;industrialisation du produit. Vision \u00catre des leaders dans la fabrication [&hellip;]","og_url":"https:\/\/inpre.es\/fr\/entreprise\/mission-vision-et-valeurs\/","og_site_name":"Inpre","article_modified_time":"2025-10-31T13:45:13+00:00","og_image":[{"width":512,"height":512,"url":"https:\/\/inpre.es\/wp-content\/uploads\/2022\/11\/mision-vision-valores.png","type":"image\/png"}],"twitter_card":"summary_large_image","twitter_misc":{"Dur\u00e9e de lecture estim\u00e9e":"1 minute"},"schema":{"@context":"https:\/\/schema.org","@graph":[{"@type":"WebPage","@id":"https:\/\/inpre.es\/fr\/entreprise\/mission-vision-et-valeurs\/","url":"https:\/\/inpre.es\/fr\/entreprise\/mission-vision-et-valeurs\/","name":"Mission, vision et valeurs - Inpre","isPartOf":{"@id":"https:\/\/inpre.es\/fr\/#website"},"primaryImageOfPage":{"@id":"https:\/\/inpre.es\/fr\/entreprise\/mission-vision-et-valeurs\/#primaryimage"},"image":{"@id":"https:\/\/inpre.es\/fr\/entreprise\/mission-vision-et-valeurs\/#primaryimage"},"thumbnailUrl":"https:\/\/inpre.es\/wp-content\/uploads\/2022\/11\/mision-vision-valores.png","datePublished":"2025-10-31T09:01:04+00:00","dateModified":"2025-10-31T13:45:13+00:00","breadcrumb":{"@id":"https:\/\/inpre.es\/fr\/entreprise\/mission-vision-et-valeurs\/#breadcrumb"},"inLanguage":"fr-FR","potentialAction":[{"@type":"ReadAction","target":["https:\/\/inpre.es\/fr\/entreprise\/mission-vision-et-valeurs\/"]}]},{"@type":"ImageObject","inLanguage":"fr-FR","@id":"https:\/\/inpre.es\/fr\/entreprise\/mission-vision-et-valeurs\/#primaryimage","url":"https:\/\/inpre.es\/wp-content\/uploads\/2022\/11\/mision-vision-valores.png","contentUrl":"https:\/\/inpre.es\/wp-content\/uploads\/2022\/11\/mision-vision-valores.png"},{"@type":"BreadcrumbList","@id":"https:\/\/inpre.es\/fr\/entreprise\/mission-vision-et-valeurs\/#breadcrumb","itemListElement":[{"@type":"ListItem","position":1,"name":"Portada","item":"https:\/\/inpre.es\/fr\/accueil\/"},{"@type":"ListItem","position":2,"name":"Entreprise","item":"https:\/\/inpre.es\/fr\/entreprise\/"},{"@type":"ListItem","position":3,"name":"Mission, vision et valeurs"}]},{"@type":"WebSite","@id":"https:\/\/inpre.es\/fr\/#website","url":"https:\/\/inpre.es\/fr\/","name":"Inpre","description":"Especialistas en poliester reforzado con fibra de vidrio","potentialAction":[{"@type":"SearchAction","target":{"@type":"EntryPoint","urlTemplate":"https:\/\/inpre.es\/fr\/?s={search_term_string}"},"query-input":{"@type":"PropertyValueSpecification","valueRequired":true,"valueName":"search_term_string"}}],"inLanguage":"fr-FR"}]}},"_links":{"self":[{"href":"https:\/\/inpre.es\/fr\/wp-json\/wp\/v2\/pages\/226052","targetHints":{"allow":["GET"]}}],"collection":[{"href":"https:\/\/inpre.es\/fr\/wp-json\/wp\/v2\/pages"}],"about":[{"href":"https:\/\/inpre.es\/fr\/wp-json\/wp\/v2\/types\/page"}],"author":[{"embeddable":true,"href":"https:\/\/inpre.es\/fr\/wp-json\/wp\/v2\/users\/4"}],"replies":[{"embeddable":true,"href":"https:\/\/inpre.es\/fr\/wp-json\/wp\/v2\/comments?post=226052"}],"version-history":[{"count":3,"href":"https:\/\/inpre.es\/fr\/wp-json\/wp\/v2\/pages\/226052\/revisions"}],"predecessor-version":[{"id":226582,"href":"https:\/\/inpre.es\/fr\/wp-json\/wp\/v2\/pages\/226052\/revisions\/226582"}],"up":[{"embeddable":true,"href":"https:\/\/inpre.es\/fr\/wp-json\/wp\/v2\/pages\/225961"}],"wp:attachment":[{"href":"https:\/\/inpre.es\/fr\/wp-json\/wp\/v2\/media?parent=226052"}],"curies":[{"name":"wp","href":"https:\/\/api.w.org\/{rel}","templated":true}]}}