{"id":226065,"date":"2025-10-31T10:06:42","date_gmt":"2025-10-31T09:06:42","guid":{"rendered":"https:\/\/inpre.es\/entreprise\/responsabilite-sociale-dentreprise\/"},"modified":"2025-10-31T14:45:51","modified_gmt":"2025-10-31T13:45:51","slug":"responsabilite-sociale-dentreprise","status":"publish","type":"page","link":"https:\/\/inpre.es\/fr\/entreprise\/responsabilite-sociale-dentreprise\/","title":{"rendered":"Responsabilit\u00e9 sociale d&rsquo;entreprise"},"content":{"rendered":"\t\t<div data-elementor-type=\"wp-page\" data-elementor-id=\"226065\" class=\"elementor elementor-226065 elementor-224187\" data-elementor-post-type=\"page\">\n\t\t\t\t<div class=\"elementor-element elementor-element-07dcb64 e-flex e-con-boxed e-con e-parent\" data-id=\"07dcb64\" data-element_type=\"container\" data-e-type=\"container\" data-settings=\"{&quot;background_background&quot;:&quot;classic&quot;}\">\n\t\t\t\t\t<div class=\"e-con-inner\">\n\t\t<div class=\"elementor-element elementor-element-aafbcae e-con-full e-flex e-con e-child\" data-id=\"aafbcae\" data-element_type=\"container\" data-e-type=\"container\">\n\t\t\t\t<div class=\"elementor-element elementor-element-3f74912 elementor-invisible elementor-widget elementor-widget-heading\" data-id=\"3f74912\" data-element_type=\"widget\" data-e-type=\"widget\" data-settings=\"{&quot;motion_fx_motion_fx_scrolling&quot;:&quot;yes&quot;,&quot;motion_fx_translateY_effect&quot;:&quot;yes&quot;,&quot;motion_fx_translateY_speed&quot;:{&quot;unit&quot;:&quot;px&quot;,&quot;size&quot;:3,&quot;sizes&quot;:[]},&quot;_animation&quot;:&quot;fadeIn&quot;,&quot;motion_fx_translateY_affectedRange&quot;:{&quot;unit&quot;:&quot;%&quot;,&quot;size&quot;:&quot;&quot;,&quot;sizes&quot;:{&quot;start&quot;:0,&quot;end&quot;:100}},&quot;motion_fx_devices&quot;:[&quot;desktop&quot;,&quot;tablet&quot;,&quot;mobile&quot;]}\" data-widget_type=\"heading.default\">\n\t\t\t\t\t<h2 class=\"elementor-heading-title elementor-size-default\">Responsabilit\u00e9 sociale d&rsquo;entreprise<\/h2>\t\t\t\t<\/div>\n\t\t\t\t<\/div>\n\t\t\t\t\t<\/div>\n\t\t\t\t<\/div>\n\t\t<div class=\"elementor-element elementor-element-262ed58 e-flex e-con-boxed e-con e-parent\" data-id=\"262ed58\" data-element_type=\"container\" data-e-type=\"container\" data-settings=\"{&quot;background_background&quot;:&quot;classic&quot;}\">\n\t\t\t\t\t<div class=\"e-con-inner\">\n\t\t<div class=\"elementor-element elementor-element-fcc685a e-con-full e-flex e-con e-child\" data-id=\"fcc685a\" data-element_type=\"container\" data-e-type=\"container\">\n\t\t<div class=\"elementor-element elementor-element-bffcb2c e-con-full e-flex e-con e-child\" data-id=\"bffcb2c\" data-element_type=\"container\" data-e-type=\"container\" data-settings=\"{&quot;background_background&quot;:&quot;classic&quot;}\">\n\t\t\t\t<div class=\"elementor-element elementor-element-3e549ef elementor-widget elementor-widget-heading\" data-id=\"3e549ef\" data-element_type=\"widget\" data-e-type=\"widget\" data-widget_type=\"heading.default\">\n\t\t\t\t\t<h2 class=\"elementor-heading-title elementor-size-default\">Engagement envers l'environnement<\/h2>\t\t\t\t<\/div>\n\t\t\t\t<div class=\"elementor-element elementor-element-b41e826 elementor-widget elementor-widget-text-editor\" data-id=\"b41e826\" data-element_type=\"widget\" data-e-type=\"widget\" data-widget_type=\"text-editor.default\">\n\t\t\t\t\t\t\t\t\t<p>Chez INPRE COMPOSITES, nous g\u00e9rons nos activit\u00e9s de mani\u00e8re \u00e0 minimiser les impacts environnementaux n\u00e9gatifs, \u00e0 optimiser l&rsquo;utilisation des ressources disponibles et \u00e0 atteindre un niveau \u00e9lev\u00e9 de s\u00e9curit\u00e9 dans nos processus, installations et services, en accordant une attention particuli\u00e8re \u00e0 une gestion responsable des mat\u00e9riaux que nous utilisons et \u00e0 leur impact sur l&rsquo;environnement. Pour atteindre ces objectifs, nous encourageons la formation environnementale de l&rsquo;ensemble du personnel, en particulier des personnes impliqu\u00e9es dans la production, la gestion et la maintenance des installations. <\/p>\t\t\t\t\t\t\t\t<\/div>\n\t\t\t\t<\/div>\n\t\t<div class=\"elementor-element elementor-element-0109891 e-con-full e-flex e-con e-child\" data-id=\"0109891\" data-element_type=\"container\" data-e-type=\"container\" data-settings=\"{&quot;background_background&quot;:&quot;classic&quot;}\">\n\t\t\t\t<div class=\"elementor-element elementor-element-18f0a35 elementor-widget elementor-widget-heading\" data-id=\"18f0a35\" data-element_type=\"widget\" data-e-type=\"widget\" data-widget_type=\"heading.default\">\n\t\t\t\t\t<h2 class=\"elementor-heading-title elementor-size-default\">Autoconsommation<\/h2>\t\t\t\t<\/div>\n\t\t\t\t<div class=\"elementor-element elementor-element-9a393d0 elementor-widget elementor-widget-text-editor\" data-id=\"9a393d0\" data-element_type=\"widget\" data-e-type=\"widget\" data-widget_type=\"text-editor.default\">\n\t\t\t\t\t\t\t\t\t<p>En tant qu&rsquo;entreprise auxiliaire du secteur des \u00e9nergies renouvelables, nous nous engageons \u00e0 consommer le maximum d&rsquo;\u00e9nergie propre possible. Nous disposons de panneaux solaires qui fournissent 10 % de l&rsquo;\u00e9nergie dont nous avons besoin ; mais nous ne nous arr\u00eatons pas l\u00e0, notre objectif est de continuer \u00e0 accro\u00eetre notre capacit\u00e9 d&rsquo;autoconsommation, en tirant parti des caract\u00e9ristiques de nos installations. <\/p>\t\t\t\t\t\t\t\t<\/div>\n\t\t\t\t<\/div>\n\t\t\t\t<\/div>\n\t\t<div class=\"elementor-element elementor-element-96b0962 e-con-full e-flex e-con e-child\" data-id=\"96b0962\" data-element_type=\"container\" data-e-type=\"container\">\n\t\t<div class=\"elementor-element elementor-element-4b5bbe8 e-con-full e-flex e-con e-child\" data-id=\"4b5bbe8\" data-element_type=\"container\" data-e-type=\"container\" data-settings=\"{&quot;background_background&quot;:&quot;classic&quot;}\">\n\t\t\t\t<div class=\"elementor-element elementor-element-6ad7bb6 elementor-widget elementor-widget-heading\" data-id=\"6ad7bb6\" data-element_type=\"widget\" data-e-type=\"widget\" data-widget_type=\"heading.default\">\n\t\t\t\t\t<h2 class=\"elementor-heading-title elementor-size-default\">Plan d'\u00e9galit\u00e9<\/h2>\t\t\t\t<\/div>\n\t\t\t\t<div class=\"elementor-element elementor-element-d27403e elementor-widget elementor-widget-text-editor\" data-id=\"d27403e\" data-element_type=\"widget\" data-e-type=\"widget\" data-widget_type=\"text-editor.default\">\n\t\t\t\t\t\t\t\t\t<p>Notre entreprise comprend que la croissance professionnelle de chaque employ\u00e9 est intimement li\u00e9e \u00e0 son d\u00e9veloppement personnel. C&rsquo;est pourquoi elle promeut l&rsquo;\u00e9galit\u00e9 des chances et l&rsquo;exclusion de toute forme de discrimination au sein du personnel. Le d\u00e9veloppement professionnel et le syst\u00e8me de promotion sont fond\u00e9s sur le m\u00e9rite, la capacit\u00e9 et le rendement de chaque personne. Nous disposons d&rsquo;un Plan d&rsquo;\u00e9galit\u00e9, conform\u00e9ment \u00e0 la l\u00e9gislation en vigueur, et d&rsquo;un syst\u00e8me d&rsquo;\u00e9valuation et de promotion bas\u00e9 sur la description de chaque poste de travail, afin que chaque employ\u00e9(e) d&rsquo;INPRE COMPOSITES connaisse ses fonctions et ait une id\u00e9e claire de ses perspectives de d\u00e9veloppement professionnel.   <\/p>\t\t\t\t\t\t\t\t<\/div>\n\t\t\t\t<\/div>\n\t\t<div class=\"elementor-element elementor-element-961fb45 e-con-full e-flex e-con e-child\" data-id=\"961fb45\" data-element_type=\"container\" data-e-type=\"container\" data-settings=\"{&quot;background_background&quot;:&quot;classic&quot;}\">\n\t\t\t\t<div class=\"elementor-element elementor-element-b9ee0ff elementor-widget elementor-widget-heading\" data-id=\"b9ee0ff\" data-element_type=\"widget\" data-e-type=\"widget\" data-widget_type=\"heading.default\">\n\t\t\t\t\t<h2 class=\"elementor-heading-title elementor-size-default\">Conformit\u00e9<\/h2>\t\t\t\t<\/div>\n\t\t\t\t<div class=\"elementor-element elementor-element-83c3bb5 elementor-widget elementor-widget-text-editor\" data-id=\"83c3bb5\" data-element_type=\"widget\" data-e-type=\"widget\" data-widget_type=\"text-editor.default\">\n\t\t\t\t\t\t\t\t\t<p>Les valeurs d&rsquo;INPRE COMPOSITES t\u00e9moignent de notre souci du respect de la l\u00e9galit\u00e9 et du d\u00e9veloppement d&rsquo;une bonne \u00e9thique dans les affaires. Nous disposons d&rsquo;un code de conduite et de <g id=\"gid_0\">compliance<\/g> qui \u00e9tablit des mesures de pr\u00e9vention des risques et un r\u00e9gime disciplinaire qui fixe les mesures appropri\u00e9es et proportionnelles face aux infractions commises. La Direction revoit p\u00e9riodiquement le syst\u00e8me et prend en compte les suggestions pour am\u00e9liorer le mod\u00e8le et le mettre \u00e0 jour.  <\/p>\t\t\t\t\t\t\t\t<\/div>\n\t\t\t\t<\/div>\n\t\t\t\t<\/div>\n\t\t\t\t\t<\/div>\n\t\t\t\t<\/div>\n\t\t<div class=\"elementor-element elementor-element-275669a e-flex e-con-boxed e-con e-parent\" data-id=\"275669a\" data-element_type=\"container\" data-e-type=\"container\" data-settings=\"{&quot;background_background&quot;:&quot;classic&quot;}\">\n\t\t\t\t\t<div class=\"e-con-inner\">\n\t\t<div class=\"elementor-element elementor-element-9923f4f e-con-full e-flex e-con e-child\" data-id=\"9923f4f\" data-element_type=\"container\" data-e-type=\"container\">\n\t\t<div class=\"elementor-element elementor-element-a663c23 e-con-full e-flex e-con e-child\" data-id=\"a663c23\" data-element_type=\"container\" data-e-type=\"container\">\n\t\t<div class=\"elementor-element elementor-element-37a9941 e-con-full e-flex e-con e-child\" data-id=\"37a9941\" data-element_type=\"container\" data-e-type=\"container\">\n\t\t\t\t<div class=\"elementor-element elementor-element-00c7a32 elementor-widget elementor-widget-image\" data-id=\"00c7a32\" data-element_type=\"widget\" data-e-type=\"widget\" data-widget_type=\"image.default\">\n\t\t\t\t\t\t\t\t\t\t\t\t\t\t\t\t<a href=\"https:\/\/inpre.es\/fr\/entreprise\/mission-vision-et-valeurs\/\">\n\t\t\t\t\t\t\t<img fetchpriority=\"high\" decoding=\"async\" width=\"512\" height=\"512\" src=\"https:\/\/inpre.es\/wp-content\/uploads\/2022\/11\/mision-vision-valores.png\" class=\"attachment-large size-large wp-image-225984\" alt=\"\" srcset=\"https:\/\/inpre.es\/wp-content\/uploads\/2022\/11\/mision-vision-valores.png 512w, https:\/\/inpre.es\/wp-content\/uploads\/2022\/11\/mision-vision-valores-300x300.png 300w, https:\/\/inpre.es\/wp-content\/uploads\/2022\/11\/mision-vision-valores-150x150.png 150w\" sizes=\"(max-width: 512px) 100vw, 512px\" \/>\t\t\t\t\t\t\t\t<\/a>\n\t\t\t\t\t\t\t\t\t\t\t\t\t\t\t<\/div>\n\t\t\t\t<div class=\"elementor-element elementor-element-86cf396 elementor-widget elementor-widget-heading\" data-id=\"86cf396\" data-element_type=\"widget\" data-e-type=\"widget\" data-widget_type=\"heading.default\">\n\t\t\t\t\t<h2 class=\"elementor-heading-title elementor-size-default\"><a href=\"https:\/\/inpre.es\/fr\/entreprise\/mission-vision-et-valeurs\/\">Mission, vision et valeurs<\/a><\/h2>\t\t\t\t<\/div>\n\t\t\t\t<\/div>\n\t\t<div class=\"elementor-element elementor-element-34ec0f6 e-con-full e-flex e-con e-child\" data-id=\"34ec0f6\" data-element_type=\"container\" data-e-type=\"container\">\n\t\t\t\t<div class=\"elementor-element elementor-element-7aec6b9 elementor-widget elementor-widget-image\" data-id=\"7aec6b9\" data-element_type=\"widget\" data-e-type=\"widget\" data-widget_type=\"image.default\">\n\t\t\t\t\t\t\t\t\t\t\t\t\t\t\t\t<a href=\"https:\/\/inpre.es\/fr\/entreprise\/responsabilite-sociale-dentreprise\/\">\n\t\t\t\t\t\t\t<img decoding=\"async\" width=\"512\" height=\"512\" src=\"https:\/\/inpre.es\/wp-content\/uploads\/2022\/11\/resposabilidad-social-corporativa.png\" class=\"attachment-large size-large wp-image-225986\" alt=\"\" srcset=\"https:\/\/inpre.es\/wp-content\/uploads\/2022\/11\/resposabilidad-social-corporativa.png 512w, https:\/\/inpre.es\/wp-content\/uploads\/2022\/11\/resposabilidad-social-corporativa-300x300.png 300w, https:\/\/inpre.es\/wp-content\/uploads\/2022\/11\/resposabilidad-social-corporativa-150x150.png 150w\" sizes=\"(max-width: 512px) 100vw, 512px\" \/>\t\t\t\t\t\t\t\t<\/a>\n\t\t\t\t\t\t\t\t\t\t\t\t\t\t\t<\/div>\n\t\t\t\t<div class=\"elementor-element elementor-element-1ebd26a elementor-widget elementor-widget-heading\" data-id=\"1ebd26a\" data-element_type=\"widget\" data-e-type=\"widget\" data-widget_type=\"heading.default\">\n\t\t\t\t\t<h2 class=\"elementor-heading-title elementor-size-default\"><a href=\"https:\/\/inpre.es\/fr\/entreprise\/responsabilite-sociale-dentreprise\/\">Responsabilit\u00e9 sociale d'entreprise<\/a><\/h2>\t\t\t\t<\/div>\n\t\t\t\t<\/div>\n\t\t\t\t<\/div>\n\t\t<div class=\"elementor-element elementor-element-9f2b3df e-con-full e-flex e-con e-child\" data-id=\"9f2b3df\" data-element_type=\"container\" data-e-type=\"container\">\n\t\t<div class=\"elementor-element elementor-element-3f3db57 e-con-full e-flex e-con e-child\" data-id=\"3f3db57\" data-element_type=\"container\" data-e-type=\"container\">\n\t\t\t\t<div class=\"elementor-element elementor-element-47d2e1c elementor-widget elementor-widget-image\" data-id=\"47d2e1c\" data-element_type=\"widget\" data-e-type=\"widget\" data-widget_type=\"image.default\">\n\t\t\t\t\t\t\t\t\t\t\t\t\t\t\t\t<a href=\"https:\/\/inpre.es\/fr\/entreprise\/politique-de-qualite-denvironnement-et-de-securite\/\">\n\t\t\t\t\t\t\t<img decoding=\"async\" width=\"512\" height=\"512\" src=\"https:\/\/inpre.es\/wp-content\/uploads\/2022\/11\/politicas.svg\" class=\"attachment-large size-large wp-image-225991\" alt=\"\" \/>\t\t\t\t\t\t\t\t<\/a>\n\t\t\t\t\t\t\t\t\t\t\t\t\t\t\t<\/div>\n\t\t\t\t<div class=\"elementor-element elementor-element-5eec964 elementor-widget elementor-widget-heading\" data-id=\"5eec964\" data-element_type=\"widget\" data-e-type=\"widget\" data-widget_type=\"heading.default\">\n\t\t\t\t\t<h2 class=\"elementor-heading-title elementor-size-default\"><a href=\"https:\/\/inpre.es\/fr\/entreprise\/politique-de-qualite-denvironnement-et-de-securite\/\">Politique de qualit\u00e9, d'environnement et de s\u00e9curit\u00e9<\/a><\/h2>\t\t\t\t<\/div>\n\t\t\t\t<\/div>\n\t\t<div class=\"elementor-element elementor-element-75572cd e-con-full e-flex e-con e-child\" data-id=\"75572cd\" data-element_type=\"container\" data-e-type=\"container\">\n\t\t\t\t<div class=\"elementor-element elementor-element-635af69 elementor-widget elementor-widget-image\" data-id=\"635af69\" data-element_type=\"widget\" data-e-type=\"widget\" data-widget_type=\"image.default\">\n\t\t\t\t\t\t\t\t\t\t\t\t\t\t\t\t<a href=\"https:\/\/inpre.es\/fr\/entreprise\/code-dethique-et-canal-de-signalement\/\">\n\t\t\t\t\t\t\t<img loading=\"lazy\" decoding=\"async\" width=\"150\" height=\"150\" src=\"https:\/\/inpre.es\/wp-content\/uploads\/2025\/08\/etica-150x150-1.png\" class=\"attachment-large size-large wp-image-225999\" alt=\"\" \/>\t\t\t\t\t\t\t\t<\/a>\n\t\t\t\t\t\t\t\t\t\t\t\t\t\t\t<\/div>\n\t\t\t\t<div class=\"elementor-element elementor-element-3a60945 elementor-widget elementor-widget-heading\" data-id=\"3a60945\" data-element_type=\"widget\" data-e-type=\"widget\" data-widget_type=\"heading.default\">\n\t\t\t\t\t<h2 class=\"elementor-heading-title elementor-size-default\"><a href=\"https:\/\/inpre.es\/fr\/entreprise\/code-dethique-et-canal-de-signalement\/\">Code d'\u00e9thique et canal de signalement<\/a><\/h2>\t\t\t\t<\/div>\n\t\t\t\t<\/div>\n\t\t\t\t<\/div>\n\t\t\t\t<\/div>\n\t\t\t\t\t<\/div>\n\t\t\t\t<\/div>\n\t\t\t\t<\/div>\n\t\t","protected":false},"excerpt":{"rendered":"<p>Engagement envers l&rsquo;environnement Chez INPRE COMPOSITES, nous g\u00e9rons nos activit\u00e9s de mani\u00e8re \u00e0 minimiser les impacts environnementaux n\u00e9gatifs, \u00e0 optimiser l&rsquo;utilisation des ressources disponibles et \u00e0 atteindre un niveau \u00e9lev\u00e9 de s\u00e9curit\u00e9 dans nos processus, installations et services, en accordant une attention particuli\u00e8re \u00e0 une gestion responsable des mat\u00e9riaux que nous utilisons et \u00e0 leur [&hellip;]<\/p>\n","protected":false},"author":4,"featured_media":0,"parent":225961,"menu_order":2,"comment_status":"closed","ping_status":"closed","template":"","meta":{"footnotes":""},"class_list":["post-226065","page","type-page","status-publish","hentry"],"yoast_head":"<!-- This site is optimized with the Yoast SEO plugin v27.4 - https:\/\/yoast.com\/product\/yoast-seo-wordpress\/ -->\n<title>Responsabilit\u00e9 sociale d&#039;entreprise - Inpre<\/title>\n<meta name=\"robots\" content=\"index, follow, max-snippet:-1, max-image-preview:large, max-video-preview:-1\" \/>\n<link rel=\"canonical\" href=\"https:\/\/inpre.es\/fr\/entreprise\/responsabilite-sociale-dentreprise\/\" \/>\n<meta property=\"og:locale\" content=\"fr_FR\" \/>\n<meta property=\"og:type\" content=\"article\" \/>\n<meta property=\"og:title\" content=\"Responsabilit\u00e9 sociale d&#039;entreprise - Inpre\" \/>\n<meta property=\"og:description\" content=\"Engagement envers l&rsquo;environnement Chez INPRE COMPOSITES, nous g\u00e9rons nos activit\u00e9s de mani\u00e8re \u00e0 minimiser les impacts environnementaux n\u00e9gatifs, \u00e0 optimiser l&rsquo;utilisation des ressources disponibles et \u00e0 atteindre un niveau \u00e9lev\u00e9 de s\u00e9curit\u00e9 dans nos processus, installations et services, en accordant une attention particuli\u00e8re \u00e0 une gestion responsable des mat\u00e9riaux que nous utilisons et \u00e0 leur [&hellip;]\" \/>\n<meta property=\"og:url\" content=\"https:\/\/inpre.es\/fr\/entreprise\/responsabilite-sociale-dentreprise\/\" \/>\n<meta property=\"og:site_name\" content=\"Inpre\" \/>\n<meta property=\"article:modified_time\" content=\"2025-10-31T13:45:51+00:00\" \/>\n<meta property=\"og:image\" content=\"https:\/\/inpre.es\/wp-content\/uploads\/2022\/11\/mision-vision-valores.png\" \/>\n\t<meta property=\"og:image:width\" content=\"512\" \/>\n\t<meta property=\"og:image:height\" content=\"512\" \/>\n\t<meta property=\"og:image:type\" content=\"image\/png\" \/>\n<meta name=\"twitter:card\" content=\"summary_large_image\" \/>\n<meta name=\"twitter:label1\" content=\"Dur\u00e9e de lecture estim\u00e9e\" \/>\n\t<meta name=\"twitter:data1\" content=\"2 minutes\" \/>\n<script type=\"application\/ld+json\" class=\"yoast-schema-graph\">{\"@context\":\"https:\\\/\\\/schema.org\",\"@graph\":[{\"@type\":\"WebPage\",\"@id\":\"https:\\\/\\\/inpre.es\\\/fr\\\/entreprise\\\/responsabilite-sociale-dentreprise\\\/\",\"url\":\"https:\\\/\\\/inpre.es\\\/fr\\\/entreprise\\\/responsabilite-sociale-dentreprise\\\/\",\"name\":\"Responsabilit\u00e9 sociale d'entreprise - Inpre\",\"isPartOf\":{\"@id\":\"https:\\\/\\\/inpre.es\\\/fr\\\/#website\"},\"primaryImageOfPage\":{\"@id\":\"https:\\\/\\\/inpre.es\\\/fr\\\/entreprise\\\/responsabilite-sociale-dentreprise\\\/#primaryimage\"},\"image\":{\"@id\":\"https:\\\/\\\/inpre.es\\\/fr\\\/entreprise\\\/responsabilite-sociale-dentreprise\\\/#primaryimage\"},\"thumbnailUrl\":\"https:\\\/\\\/inpre.es\\\/wp-content\\\/uploads\\\/2022\\\/11\\\/mision-vision-valores.png\",\"datePublished\":\"2025-10-31T09:06:42+00:00\",\"dateModified\":\"2025-10-31T13:45:51+00:00\",\"breadcrumb\":{\"@id\":\"https:\\\/\\\/inpre.es\\\/fr\\\/entreprise\\\/responsabilite-sociale-dentreprise\\\/#breadcrumb\"},\"inLanguage\":\"fr-FR\",\"potentialAction\":[{\"@type\":\"ReadAction\",\"target\":[\"https:\\\/\\\/inpre.es\\\/fr\\\/entreprise\\\/responsabilite-sociale-dentreprise\\\/\"]}]},{\"@type\":\"ImageObject\",\"inLanguage\":\"fr-FR\",\"@id\":\"https:\\\/\\\/inpre.es\\\/fr\\\/entreprise\\\/responsabilite-sociale-dentreprise\\\/#primaryimage\",\"url\":\"https:\\\/\\\/inpre.es\\\/wp-content\\\/uploads\\\/2022\\\/11\\\/mision-vision-valores.png\",\"contentUrl\":\"https:\\\/\\\/inpre.es\\\/wp-content\\\/uploads\\\/2022\\\/11\\\/mision-vision-valores.png\"},{\"@type\":\"BreadcrumbList\",\"@id\":\"https:\\\/\\\/inpre.es\\\/fr\\\/entreprise\\\/responsabilite-sociale-dentreprise\\\/#breadcrumb\",\"itemListElement\":[{\"@type\":\"ListItem\",\"position\":1,\"name\":\"Portada\",\"item\":\"https:\\\/\\\/inpre.es\\\/fr\\\/accueil\\\/\"},{\"@type\":\"ListItem\",\"position\":2,\"name\":\"Entreprise\",\"item\":\"https:\\\/\\\/inpre.es\\\/fr\\\/entreprise\\\/\"},{\"@type\":\"ListItem\",\"position\":3,\"name\":\"Responsabilit\u00e9 sociale d&rsquo;entreprise\"}]},{\"@type\":\"WebSite\",\"@id\":\"https:\\\/\\\/inpre.es\\\/fr\\\/#website\",\"url\":\"https:\\\/\\\/inpre.es\\\/fr\\\/\",\"name\":\"Inpre\",\"description\":\"Especialistas en poliester reforzado con fibra de vidrio\",\"potentialAction\":[{\"@type\":\"SearchAction\",\"target\":{\"@type\":\"EntryPoint\",\"urlTemplate\":\"https:\\\/\\\/inpre.es\\\/fr\\\/?s={search_term_string}\"},\"query-input\":{\"@type\":\"PropertyValueSpecification\",\"valueRequired\":true,\"valueName\":\"search_term_string\"}}],\"inLanguage\":\"fr-FR\"}]}<\/script>\n<!-- \/ Yoast SEO plugin. -->","yoast_head_json":{"title":"Responsabilit\u00e9 sociale d'entreprise - Inpre","robots":{"index":"index","follow":"follow","max-snippet":"max-snippet:-1","max-image-preview":"max-image-preview:large","max-video-preview":"max-video-preview:-1"},"canonical":"https:\/\/inpre.es\/fr\/entreprise\/responsabilite-sociale-dentreprise\/","og_locale":"fr_FR","og_type":"article","og_title":"Responsabilit\u00e9 sociale d'entreprise - Inpre","og_description":"Engagement envers l&rsquo;environnement Chez INPRE COMPOSITES, nous g\u00e9rons nos activit\u00e9s de mani\u00e8re \u00e0 minimiser les impacts environnementaux n\u00e9gatifs, \u00e0 optimiser l&rsquo;utilisation des ressources disponibles et \u00e0 atteindre un niveau \u00e9lev\u00e9 de s\u00e9curit\u00e9 dans nos processus, installations et services, en accordant une attention particuli\u00e8re \u00e0 une gestion responsable des mat\u00e9riaux que nous utilisons et \u00e0 leur [&hellip;]","og_url":"https:\/\/inpre.es\/fr\/entreprise\/responsabilite-sociale-dentreprise\/","og_site_name":"Inpre","article_modified_time":"2025-10-31T13:45:51+00:00","og_image":[{"width":512,"height":512,"url":"https:\/\/inpre.es\/wp-content\/uploads\/2022\/11\/mision-vision-valores.png","type":"image\/png"}],"twitter_card":"summary_large_image","twitter_misc":{"Dur\u00e9e de lecture estim\u00e9e":"2 minutes"},"schema":{"@context":"https:\/\/schema.org","@graph":[{"@type":"WebPage","@id":"https:\/\/inpre.es\/fr\/entreprise\/responsabilite-sociale-dentreprise\/","url":"https:\/\/inpre.es\/fr\/entreprise\/responsabilite-sociale-dentreprise\/","name":"Responsabilit\u00e9 sociale d'entreprise - Inpre","isPartOf":{"@id":"https:\/\/inpre.es\/fr\/#website"},"primaryImageOfPage":{"@id":"https:\/\/inpre.es\/fr\/entreprise\/responsabilite-sociale-dentreprise\/#primaryimage"},"image":{"@id":"https:\/\/inpre.es\/fr\/entreprise\/responsabilite-sociale-dentreprise\/#primaryimage"},"thumbnailUrl":"https:\/\/inpre.es\/wp-content\/uploads\/2022\/11\/mision-vision-valores.png","datePublished":"2025-10-31T09:06:42+00:00","dateModified":"2025-10-31T13:45:51+00:00","breadcrumb":{"@id":"https:\/\/inpre.es\/fr\/entreprise\/responsabilite-sociale-dentreprise\/#breadcrumb"},"inLanguage":"fr-FR","potentialAction":[{"@type":"ReadAction","target":["https:\/\/inpre.es\/fr\/entreprise\/responsabilite-sociale-dentreprise\/"]}]},{"@type":"ImageObject","inLanguage":"fr-FR","@id":"https:\/\/inpre.es\/fr\/entreprise\/responsabilite-sociale-dentreprise\/#primaryimage","url":"https:\/\/inpre.es\/wp-content\/uploads\/2022\/11\/mision-vision-valores.png","contentUrl":"https:\/\/inpre.es\/wp-content\/uploads\/2022\/11\/mision-vision-valores.png"},{"@type":"BreadcrumbList","@id":"https:\/\/inpre.es\/fr\/entreprise\/responsabilite-sociale-dentreprise\/#breadcrumb","itemListElement":[{"@type":"ListItem","position":1,"name":"Portada","item":"https:\/\/inpre.es\/fr\/accueil\/"},{"@type":"ListItem","position":2,"name":"Entreprise","item":"https:\/\/inpre.es\/fr\/entreprise\/"},{"@type":"ListItem","position":3,"name":"Responsabilit\u00e9 sociale d&rsquo;entreprise"}]},{"@type":"WebSite","@id":"https:\/\/inpre.es\/fr\/#website","url":"https:\/\/inpre.es\/fr\/","name":"Inpre","description":"Especialistas en poliester reforzado con fibra de vidrio","potentialAction":[{"@type":"SearchAction","target":{"@type":"EntryPoint","urlTemplate":"https:\/\/inpre.es\/fr\/?s={search_term_string}"},"query-input":{"@type":"PropertyValueSpecification","valueRequired":true,"valueName":"search_term_string"}}],"inLanguage":"fr-FR"}]}},"_links":{"self":[{"href":"https:\/\/inpre.es\/fr\/wp-json\/wp\/v2\/pages\/226065","targetHints":{"allow":["GET"]}}],"collection":[{"href":"https:\/\/inpre.es\/fr\/wp-json\/wp\/v2\/pages"}],"about":[{"href":"https:\/\/inpre.es\/fr\/wp-json\/wp\/v2\/types\/page"}],"author":[{"embeddable":true,"href":"https:\/\/inpre.es\/fr\/wp-json\/wp\/v2\/users\/4"}],"replies":[{"embeddable":true,"href":"https:\/\/inpre.es\/fr\/wp-json\/wp\/v2\/comments?post=226065"}],"version-history":[{"count":3,"href":"https:\/\/inpre.es\/fr\/wp-json\/wp\/v2\/pages\/226065\/revisions"}],"predecessor-version":[{"id":226586,"href":"https:\/\/inpre.es\/fr\/wp-json\/wp\/v2\/pages\/226065\/revisions\/226586"}],"up":[{"embeddable":true,"href":"https:\/\/inpre.es\/fr\/wp-json\/wp\/v2\/pages\/225961"}],"wp:attachment":[{"href":"https:\/\/inpre.es\/fr\/wp-json\/wp\/v2\/media?parent=226065"}],"curies":[{"name":"wp","href":"https:\/\/api.w.org\/{rel}","templated":true}]}}