{"id":226208,"date":"2025-10-31T10:19:44","date_gmt":"2025-10-31T09:19:44","guid":{"rendered":"https:\/\/inpre.es\/actualites\/"},"modified":"2025-10-31T10:19:45","modified_gmt":"2025-10-31T09:19:45","slug":"actualites","status":"publish","type":"page","link":"https:\/\/inpre.es\/fr\/actualites\/","title":{"rendered":"Actualit\u00e9s"},"content":{"rendered":"\t\t<div data-elementor-type=\"wp-page\" data-elementor-id=\"226208\" class=\"elementor elementor-226208 elementor-224178\" data-elementor-post-type=\"page\">\n\t\t\t\t<div class=\"elementor-element elementor-element-1f7ce6b e-flex e-con-boxed e-con e-parent\" data-id=\"1f7ce6b\" data-element_type=\"container\" data-e-type=\"container\" data-settings=\"{&quot;background_background&quot;:&quot;classic&quot;}\">\n\t\t\t\t\t<div class=\"e-con-inner\">\n\t\t<div class=\"elementor-element elementor-element-bb4f39a e-con-full e-flex e-con e-child\" data-id=\"bb4f39a\" data-element_type=\"container\" data-e-type=\"container\">\n\t\t\t\t<div class=\"elementor-element elementor-element-79738fb elementor-invisible elementor-widget elementor-widget-heading\" data-id=\"79738fb\" data-element_type=\"widget\" data-e-type=\"widget\" data-settings=\"{&quot;motion_fx_motion_fx_scrolling&quot;:&quot;yes&quot;,&quot;motion_fx_translateY_effect&quot;:&quot;yes&quot;,&quot;motion_fx_translateY_speed&quot;:{&quot;unit&quot;:&quot;px&quot;,&quot;size&quot;:3,&quot;sizes&quot;:[]},&quot;_animation&quot;:&quot;fadeIn&quot;,&quot;motion_fx_translateY_affectedRange&quot;:{&quot;unit&quot;:&quot;%&quot;,&quot;size&quot;:&quot;&quot;,&quot;sizes&quot;:{&quot;start&quot;:0,&quot;end&quot;:100}},&quot;motion_fx_devices&quot;:[&quot;desktop&quot;,&quot;tablet&quot;,&quot;mobile&quot;]}\" data-widget_type=\"heading.default\">\n\t\t\t\t\t<h2 class=\"elementor-heading-title elementor-size-default\">Actualit\u00e9s<\/h2>\t\t\t\t<\/div>\n\t\t\t\t<\/div>\n\t\t\t\t\t<\/div>\n\t\t\t\t<\/div>\n\t\t<div class=\"elementor-element elementor-element-8a839c3 e-flex e-con-boxed e-con e-parent\" data-id=\"8a839c3\" data-element_type=\"container\" data-e-type=\"container\">\n\t\t\t\t\t<div class=\"e-con-inner\">\n\t\t\t\t<div class=\"elementor-element elementor-element-54582e1 elementor-grid-3 elementor-grid-tablet-2 elementor-grid-mobile-1 elementor-posts--thumbnail-top elementor-widget elementor-widget-posts\" data-id=\"54582e1\" data-element_type=\"widget\" data-e-type=\"widget\" data-settings=\"{&quot;pagination_type&quot;:&quot;numbers&quot;,&quot;classic_columns&quot;:&quot;3&quot;,&quot;classic_columns_tablet&quot;:&quot;2&quot;,&quot;classic_columns_mobile&quot;:&quot;1&quot;,&quot;classic_row_gap&quot;:{&quot;unit&quot;:&quot;px&quot;,&quot;size&quot;:35,&quot;sizes&quot;:[]},&quot;classic_row_gap_tablet&quot;:{&quot;unit&quot;:&quot;px&quot;,&quot;size&quot;:&quot;&quot;,&quot;sizes&quot;:[]},&quot;classic_row_gap_mobile&quot;:{&quot;unit&quot;:&quot;px&quot;,&quot;size&quot;:&quot;&quot;,&quot;sizes&quot;:[]}}\" data-widget_type=\"posts.classic\">\n\t\t\t\t<div class=\"elementor-widget-container\">\n\t\t\t\t\t\t\t<div class=\"elementor-posts-container elementor-posts elementor-posts--skin-classic elementor-grid\" role=\"list\">\n\t\t\t\t<article class=\"elementor-post elementor-grid-item post-226552 post type-post status-publish format-standard has-post-thumbnail hentry category-actualite\" role=\"listitem\">\n\t\t\t\t<a class=\"elementor-post__thumbnail__link\" href=\"https:\/\/inpre.es\/fr\/lentreprise-de-san-adrian-inpre-fabrique-des-pales-pour-le-fond-marin-decosse\/\" tabindex=\"-1\" >\n\t\t\t<div class=\"elementor-post__thumbnail\"><img fetchpriority=\"high\" decoding=\"async\" width=\"300\" height=\"169\" src=\"https:\/\/inpre.es\/wp-content\/uploads\/2022\/08\/627e8cf965744-300x169.jpeg\" class=\"attachment-medium size-medium wp-image-226553\" alt=\"\" srcset=\"https:\/\/inpre.es\/wp-content\/uploads\/2022\/08\/627e8cf965744-300x169.jpeg 300w, https:\/\/inpre.es\/wp-content\/uploads\/2022\/08\/627e8cf965744-1024x576.jpeg 1024w, https:\/\/inpre.es\/wp-content\/uploads\/2022\/08\/627e8cf965744-768x432.jpeg 768w, https:\/\/inpre.es\/wp-content\/uploads\/2022\/08\/627e8cf965744-1536x864.jpeg 1536w, https:\/\/inpre.es\/wp-content\/uploads\/2022\/08\/627e8cf965744.jpeg 1920w\" sizes=\"(max-width: 300px) 100vw, 300px\" \/><\/div>\n\t\t<\/a>\n\t\t\t\t<div class=\"elementor-post__text\">\n\t\t\t\t<h3 class=\"elementor-post__title\">\n\t\t\t<a href=\"https:\/\/inpre.es\/fr\/lentreprise-de-san-adrian-inpre-fabrique-des-pales-pour-le-fond-marin-decosse\/\" >\n\t\t\t\tL&rsquo;entreprise de San Adri\u00e1n, INPRE, fabrique des pales pour le fond marin d&rsquo;\u00c9cosse.\t\t\t<\/a>\n\t\t<\/h3>\n\t\t\t\t<div class=\"elementor-post__meta-data\">\n\t\t\t\t\t<span class=\"elementor-post-date\">\n\t\t\t31 octobre 2025\t\t<\/span>\n\t\t\t\t<span class=\"elementor-post-avatar\">\n\t\t\tAucun commentaire\t\t<\/span>\n\t\t\t\t<\/div>\n\t\t\t\t<div class=\"elementor-post__excerpt\">\n\t\t\t<p>L&rsquo;entreprise de San Adri\u00e1n, qui compte 143 employ\u00e9s et r\u00e9alise un chiffre d&rsquo;affaires de 26,5 millions d&rsquo;euros, participe \u00e0 un projet europ\u00e9en avec 11 autres<\/p>\n\t\t<\/div>\n\t\t\n\t\t<a class=\"elementor-post__read-more\" href=\"https:\/\/inpre.es\/fr\/lentreprise-de-san-adrian-inpre-fabrique-des-pales-pour-le-fond-marin-decosse\/\" aria-label=\"En savoir plus sur L&rsquo;entreprise de San Adri\u00e1n, INPRE, fabrique des pales pour le fond marin d&rsquo;\u00c9cosse.\" tabindex=\"-1\" >\n\t\t\tLire la suite \u00bb\t\t<\/a>\n\n\t\t\t\t<\/div>\n\t\t\t\t<\/article>\n\t\t\t\t<article class=\"elementor-post elementor-grid-item post-226543 post type-post status-publish format-standard has-post-thumbnail hentry category-actualite\" role=\"listitem\">\n\t\t\t\t<a class=\"elementor-post__thumbnail__link\" href=\"https:\/\/inpre.es\/fr\/inpre-une-reference-nationale-dans-la-fabrication-de-polyester-renforce-de-fibres-de-verre\/\" tabindex=\"-1\" >\n\t\t\t<div class=\"elementor-post__thumbnail\"><img decoding=\"async\" width=\"300\" height=\"169\" src=\"https:\/\/inpre.es\/wp-content\/uploads\/2022\/08\/6349838d74ef2-300x169.jpeg\" class=\"attachment-medium size-medium wp-image-226544\" alt=\"\" srcset=\"https:\/\/inpre.es\/wp-content\/uploads\/2022\/08\/6349838d74ef2-300x169.jpeg 300w, https:\/\/inpre.es\/wp-content\/uploads\/2022\/08\/6349838d74ef2-1024x576.jpeg 1024w, https:\/\/inpre.es\/wp-content\/uploads\/2022\/08\/6349838d74ef2-768x432.jpeg 768w, https:\/\/inpre.es\/wp-content\/uploads\/2022\/08\/6349838d74ef2-1536x864.jpeg 1536w, https:\/\/inpre.es\/wp-content\/uploads\/2022\/08\/6349838d74ef2.jpeg 1920w\" sizes=\"(max-width: 300px) 100vw, 300px\" \/><\/div>\n\t\t<\/a>\n\t\t\t\t<div class=\"elementor-post__text\">\n\t\t\t\t<h3 class=\"elementor-post__title\">\n\t\t\t<a href=\"https:\/\/inpre.es\/fr\/inpre-une-reference-nationale-dans-la-fabrication-de-polyester-renforce-de-fibres-de-verre\/\" >\n\t\t\t\tINPRE, une r\u00e9f\u00e9rence nationale dans la fabrication de polyester renforc\u00e9 de fibres de verre\t\t\t<\/a>\n\t\t<\/h3>\n\t\t\t\t<div class=\"elementor-post__meta-data\">\n\t\t\t\t\t<span class=\"elementor-post-date\">\n\t\t\t31 octobre 2025\t\t<\/span>\n\t\t\t\t<span class=\"elementor-post-avatar\">\n\t\t\tAucun commentaire\t\t<\/span>\n\t\t\t\t<\/div>\n\t\t\t\t<div class=\"elementor-post__excerpt\">\n\t\t\t<p>Avec des si\u00e8ges \u00e0 San Adri\u00e1n et \u00c1greda, elle produit du PRFV pour la carrosserie industrielle, l&rsquo;industrie \u00e9olienne, l&rsquo;industrie navale et la construction.<\/p>\n\t\t<\/div>\n\t\t\n\t\t<a class=\"elementor-post__read-more\" href=\"https:\/\/inpre.es\/fr\/inpre-une-reference-nationale-dans-la-fabrication-de-polyester-renforce-de-fibres-de-verre\/\" aria-label=\"En savoir plus sur INPRE, une r\u00e9f\u00e9rence nationale dans la fabrication de polyester renforc\u00e9 de fibres de verre\" tabindex=\"-1\" >\n\t\t\tLire la suite \u00bb\t\t<\/a>\n\n\t\t\t\t<\/div>\n\t\t\t\t<\/article>\n\t\t\t\t<article class=\"elementor-post elementor-grid-item post-226534 post type-post status-publish format-standard has-post-thumbnail hentry category-actualite\" role=\"listitem\">\n\t\t\t\t<a class=\"elementor-post__thumbnail__link\" href=\"https:\/\/inpre.es\/fr\/inpre-presente-au-conseiller-irujo-ses-defis-et-projets-de-ri-en-matiere-de-durabilite\/\" tabindex=\"-1\" >\n\t\t\t<div class=\"elementor-post__thumbnail\"><img decoding=\"async\" width=\"300\" height=\"169\" src=\"https:\/\/inpre.es\/wp-content\/uploads\/2022\/08\/IMG_7832-300x169.jpg\" class=\"attachment-medium size-medium wp-image-226535\" alt=\"\" srcset=\"https:\/\/inpre.es\/wp-content\/uploads\/2022\/08\/IMG_7832-300x169.jpg 300w, https:\/\/inpre.es\/wp-content\/uploads\/2022\/08\/IMG_7832-1024x576.jpg 1024w, https:\/\/inpre.es\/wp-content\/uploads\/2022\/08\/IMG_7832-768x432.jpg 768w, https:\/\/inpre.es\/wp-content\/uploads\/2022\/08\/IMG_7832-1536x864.jpg 1536w, https:\/\/inpre.es\/wp-content\/uploads\/2022\/08\/IMG_7832.jpg 1920w\" sizes=\"(max-width: 300px) 100vw, 300px\" \/><\/div>\n\t\t<\/a>\n\t\t\t\t<div class=\"elementor-post__text\">\n\t\t\t\t<h3 class=\"elementor-post__title\">\n\t\t\t<a href=\"https:\/\/inpre.es\/fr\/inpre-presente-au-conseiller-irujo-ses-defis-et-projets-de-ri-en-matiere-de-durabilite\/\" >\n\t\t\t\tINPRE pr\u00e9sente au conseiller Irujo ses d\u00e9fis et projets de R+i en mati\u00e8re de durabilit\u00e9\t\t\t<\/a>\n\t\t<\/h3>\n\t\t\t\t<div class=\"elementor-post__meta-data\">\n\t\t\t\t\t<span class=\"elementor-post-date\">\n\t\t\t31 octobre 2025\t\t<\/span>\n\t\t\t\t<span class=\"elementor-post-avatar\">\n\t\t\tAucun commentaire\t\t<\/span>\n\t\t\t\t<\/div>\n\t\t\t\t<div class=\"elementor-post__excerpt\">\n\t\t\t<p>Le conseiller au D\u00e9veloppement \u00c9conomique et Entrepreneurial, Mikel Irujo, a visit\u00e9 l&rsquo;entreprise familiale INPRE COMPOSITES, situ\u00e9e \u00e0 San Adri\u00e1n, accompagn\u00e9 des propri\u00e9taires de la soci\u00e9t\u00e9,<\/p>\n\t\t<\/div>\n\t\t\n\t\t<a class=\"elementor-post__read-more\" href=\"https:\/\/inpre.es\/fr\/inpre-presente-au-conseiller-irujo-ses-defis-et-projets-de-ri-en-matiere-de-durabilite\/\" aria-label=\"En savoir plus sur INPRE pr\u00e9sente au conseiller Irujo ses d\u00e9fis et projets de R+i en mati\u00e8re de durabilit\u00e9\" tabindex=\"-1\" >\n\t\t\tLire la suite \u00bb\t\t<\/a>\n\n\t\t\t\t<\/div>\n\t\t\t\t<\/article>\n\t\t\t\t<article class=\"elementor-post elementor-grid-item post-226525 post type-post status-publish format-standard has-post-thumbnail hentry category-actualite\" role=\"listitem\">\n\t\t\t\t<a class=\"elementor-post__thumbnail__link\" href=\"https:\/\/inpre.es\/fr\/inpre-membre-fondateur-de-renercycle\/\" tabindex=\"-1\" >\n\t\t\t<div class=\"elementor-post__thumbnail\"><img loading=\"lazy\" decoding=\"async\" width=\"300\" height=\"169\" src=\"https:\/\/inpre.es\/wp-content\/uploads\/2022\/12\/renercycle-gobierno-navarra-300x169.jpg\" class=\"attachment-medium size-medium wp-image-226516\" alt=\"\" srcset=\"https:\/\/inpre.es\/wp-content\/uploads\/2022\/12\/renercycle-gobierno-navarra-300x169.jpg 300w, https:\/\/inpre.es\/wp-content\/uploads\/2022\/12\/renercycle-gobierno-navarra-1024x576.jpg 1024w, https:\/\/inpre.es\/wp-content\/uploads\/2022\/12\/renercycle-gobierno-navarra-768x432.jpg 768w, https:\/\/inpre.es\/wp-content\/uploads\/2022\/12\/renercycle-gobierno-navarra.jpg 1200w\" sizes=\"(max-width: 300px) 100vw, 300px\" \/><\/div>\n\t\t<\/a>\n\t\t\t\t<div class=\"elementor-post__text\">\n\t\t\t\t<h3 class=\"elementor-post__title\">\n\t\t\t<a href=\"https:\/\/inpre.es\/fr\/inpre-membre-fondateur-de-renercycle\/\" >\n\t\t\t\tINPRE, membre fondateur de RENERCYCLE\t\t\t<\/a>\n\t\t<\/h3>\n\t\t\t\t<div class=\"elementor-post__meta-data\">\n\t\t\t\t\t<span class=\"elementor-post-date\">\n\t\t\t31 octobre 2025\t\t<\/span>\n\t\t\t\t<span class=\"elementor-post-avatar\">\n\t\t\tAucun commentaire\t\t<\/span>\n\t\t\t\t<\/div>\n\t\t\t\t<div class=\"elementor-post__excerpt\">\n\t\t\t<p>RenerCycle investira 10 millions dans une usine de recyclage pour l&rsquo;industrie des \u00e9nergies renouvelables.<\/p>\n\t\t<\/div>\n\t\t\n\t\t<a class=\"elementor-post__read-more\" href=\"https:\/\/inpre.es\/fr\/inpre-membre-fondateur-de-renercycle\/\" aria-label=\"En savoir plus sur INPRE, membre fondateur de RENERCYCLE\" tabindex=\"-1\" >\n\t\t\tLire la suite \u00bb\t\t<\/a>\n\n\t\t\t\t<\/div>\n\t\t\t\t<\/article>\n\t\t\t\t<article class=\"elementor-post elementor-grid-item post-226514 post type-post status-publish format-standard has-post-thumbnail hentry category-actualite\" role=\"listitem\">\n\t\t\t\t<a class=\"elementor-post__thumbnail__link\" href=\"https:\/\/inpre.es\/fr\/inpre-a-icoe-2022\/\" tabindex=\"-1\" >\n\t\t\t<div class=\"elementor-post__thumbnail\"><img loading=\"lazy\" decoding=\"async\" width=\"300\" height=\"169\" src=\"https:\/\/inpre.es\/wp-content\/uploads\/2022\/12\/a2e0f967-9ce3-456b-8a58-8aad7c1884a4-300x169.jpg\" class=\"attachment-medium size-medium wp-image-226515\" alt=\"\" srcset=\"https:\/\/inpre.es\/wp-content\/uploads\/2022\/12\/a2e0f967-9ce3-456b-8a58-8aad7c1884a4-300x169.jpg 300w, https:\/\/inpre.es\/wp-content\/uploads\/2022\/12\/a2e0f967-9ce3-456b-8a58-8aad7c1884a4-1024x576.jpg 1024w, https:\/\/inpre.es\/wp-content\/uploads\/2022\/12\/a2e0f967-9ce3-456b-8a58-8aad7c1884a4-768x432.jpg 768w, https:\/\/inpre.es\/wp-content\/uploads\/2022\/12\/a2e0f967-9ce3-456b-8a58-8aad7c1884a4-1536x864.jpg 1536w, https:\/\/inpre.es\/wp-content\/uploads\/2022\/12\/a2e0f967-9ce3-456b-8a58-8aad7c1884a4.jpg 1600w\" sizes=\"(max-width: 300px) 100vw, 300px\" \/><\/div>\n\t\t<\/a>\n\t\t\t\t<div class=\"elementor-post__text\">\n\t\t\t\t<h3 class=\"elementor-post__title\">\n\t\t\t<a href=\"https:\/\/inpre.es\/fr\/inpre-a-icoe-2022\/\" >\n\t\t\t\tINPRE \u00e0 ICOE 2022\t\t\t<\/a>\n\t\t<\/h3>\n\t\t\t\t<div class=\"elementor-post__meta-data\">\n\t\t\t\t\t<span class=\"elementor-post-date\">\n\t\t\t31 octobre 2025\t\t<\/span>\n\t\t\t\t<span class=\"elementor-post-avatar\">\n\t\t\tAucun commentaire\t\t<\/span>\n\t\t\t\t<\/div>\n\t\t\t\t<div class=\"elementor-post__excerpt\">\n\t\t\t<p>INPRE a particip\u00e9 avec ses pales NEMMO au salon ICOE 2022 \u00e0 Saint-S\u00e9bastien.<\/p>\n\t\t<\/div>\n\t\t\n\t\t<a class=\"elementor-post__read-more\" href=\"https:\/\/inpre.es\/fr\/inpre-a-icoe-2022\/\" aria-label=\"En savoir plus sur INPRE \u00e0 ICOE 2022\" tabindex=\"-1\" >\n\t\t\tLire la suite \u00bb\t\t<\/a>\n\n\t\t\t\t<\/div>\n\t\t\t\t<\/article>\n\t\t\t\t<article class=\"elementor-post elementor-grid-item post-226504 post type-post status-publish format-standard has-post-thumbnail hentry category-actualite\" role=\"listitem\">\n\t\t\t\t<a class=\"elementor-post__thumbnail__link\" href=\"https:\/\/inpre.es\/fr\/mari-viedma-proprietaire-dinpre-recompensee-par-le-prix-somos-valientas-pour-son-parcours-dans-le-domaine-entrepreneurial\/\" tabindex=\"-1\" >\n\t\t\t<div class=\"elementor-post__thumbnail\"><img loading=\"lazy\" decoding=\"async\" width=\"300\" height=\"173\" src=\"https:\/\/inpre.es\/wp-content\/uploads\/2023\/04\/PREMIOS-VALIENTAS-4-300x173.jpg\" class=\"attachment-medium size-medium wp-image-226505\" alt=\"\" srcset=\"https:\/\/inpre.es\/wp-content\/uploads\/2023\/04\/PREMIOS-VALIENTAS-4-300x173.jpg 300w, https:\/\/inpre.es\/wp-content\/uploads\/2023\/04\/PREMIOS-VALIENTAS-4-768x442.jpg 768w, https:\/\/inpre.es\/wp-content\/uploads\/2023\/04\/PREMIOS-VALIENTAS-4.jpg 895w\" sizes=\"(max-width: 300px) 100vw, 300px\" \/><\/div>\n\t\t<\/a>\n\t\t\t\t<div class=\"elementor-post__text\">\n\t\t\t\t<h3 class=\"elementor-post__title\">\n\t\t\t<a href=\"https:\/\/inpre.es\/fr\/mari-viedma-proprietaire-dinpre-recompensee-par-le-prix-somos-valientas-pour-son-parcours-dans-le-domaine-entrepreneurial\/\" >\n\t\t\t\tMari Viedma, propri\u00e9taire d&rsquo;INPRE, r\u00e9compens\u00e9e par le prix \u00ab&nbsp;Somos Valientas&nbsp;\u00bb pour son parcours dans le domaine entrepreneurial\t\t\t<\/a>\n\t\t<\/h3>\n\t\t\t\t<div class=\"elementor-post__meta-data\">\n\t\t\t\t\t<span class=\"elementor-post-date\">\n\t\t\t31 octobre 2025\t\t<\/span>\n\t\t\t\t<span class=\"elementor-post-avatar\">\n\t\t\tAucun commentaire\t\t<\/span>\n\t\t\t\t<\/div>\n\t\t\t\t<div class=\"elementor-post__excerpt\">\n\t\t\t<p>Les prix sont organis\u00e9s par Diario de Navarra et Laboral Kutxa et sont d\u00e9cern\u00e9s dans 6 cat\u00e9gories diff\u00e9rentes.<\/p>\n\t\t<\/div>\n\t\t\n\t\t<a class=\"elementor-post__read-more\" href=\"https:\/\/inpre.es\/fr\/mari-viedma-proprietaire-dinpre-recompensee-par-le-prix-somos-valientas-pour-son-parcours-dans-le-domaine-entrepreneurial\/\" aria-label=\"En savoir plus sur Mari Viedma, propri\u00e9taire d&rsquo;INPRE, r\u00e9compens\u00e9e par le prix \u00ab&nbsp;Somos Valientas&nbsp;\u00bb pour son parcours dans le domaine entrepreneurial\" tabindex=\"-1\" >\n\t\t\tLire la suite \u00bb\t\t<\/a>\n\n\t\t\t\t<\/div>\n\t\t\t\t<\/article>\n\t\t\t\t<\/div>\n\t\t\n\t\t\t\t<div class=\"e-load-more-anchor\" data-page=\"1\" data-max-page=\"3\" data-next-page=\"https:\/\/inpre.es\/fr\/wp-json\/wp\/v2\/pages\/226208\/page\/2\/\"><\/div>\n\t\t\t\t<nav class=\"elementor-pagination\" aria-label=\"Pagination\">\n\t\t\t<span aria-current=\"page\" class=\"page-numbers current\"><span class=\"elementor-screen-only\">Page<\/span>1<\/span>\n<a class=\"page-numbers\" href=\"https:\/\/inpre.es\/fr\/wp-json\/wp\/v2\/pages\/226208\/page\/2\/\"><span class=\"elementor-screen-only\">Page<\/span>2<\/a>\n<a class=\"page-numbers\" href=\"https:\/\/inpre.es\/fr\/wp-json\/wp\/v2\/pages\/226208\/page\/3\/\"><span class=\"elementor-screen-only\">Page<\/span>3<\/a>\t\t<\/nav>\n\t\t\t\t\t\t<\/div>\n\t\t\t\t<\/div>\n\t\t\t\t\t<\/div>\n\t\t\t\t<\/div>\n\t\t\t\t<\/div>\n\t\t","protected":false},"excerpt":{"rendered":"<p>Actualit\u00e9s<\/p>\n","protected":false},"author":4,"featured_media":0,"parent":0,"menu_order":8,"comment_status":"closed","ping_status":"closed","template":"","meta":{"footnotes":""},"class_list":["post-226208","page","type-page","status-publish","hentry"],"yoast_head":"<!-- This site is optimized with the Yoast SEO plugin v27.4 - https:\/\/yoast.com\/product\/yoast-seo-wordpress\/ -->\n<title>Actualit\u00e9s - Inpre<\/title>\n<meta name=\"robots\" content=\"index, follow, max-snippet:-1, max-image-preview:large, max-video-preview:-1\" \/>\n<link rel=\"canonical\" href=\"https:\/\/inpre.es\/fr\/actualites\/\" \/>\n<meta property=\"og:locale\" content=\"fr_FR\" \/>\n<meta property=\"og:type\" content=\"article\" \/>\n<meta property=\"og:title\" content=\"Actualit\u00e9s - Inpre\" \/>\n<meta property=\"og:description\" content=\"Actualit\u00e9s\" \/>\n<meta property=\"og:url\" content=\"https:\/\/inpre.es\/fr\/actualites\/\" \/>\n<meta property=\"og:site_name\" content=\"Inpre\" \/>\n<meta property=\"article:modified_time\" content=\"2025-10-31T09:19:45+00:00\" \/>\n<meta name=\"twitter:card\" content=\"summary_large_image\" \/>\n<script type=\"application\/ld+json\" class=\"yoast-schema-graph\">{\"@context\":\"https:\\\/\\\/schema.org\",\"@graph\":[{\"@type\":\"WebPage\",\"@id\":\"https:\\\/\\\/inpre.es\\\/fr\\\/actualites\\\/\",\"url\":\"https:\\\/\\\/inpre.es\\\/fr\\\/actualites\\\/\",\"name\":\"Actualit\u00e9s - Inpre\",\"isPartOf\":{\"@id\":\"https:\\\/\\\/inpre.es\\\/fr\\\/#website\"},\"datePublished\":\"2025-10-31T09:19:44+00:00\",\"dateModified\":\"2025-10-31T09:19:45+00:00\",\"breadcrumb\":{\"@id\":\"https:\\\/\\\/inpre.es\\\/fr\\\/actualites\\\/#breadcrumb\"},\"inLanguage\":\"fr-FR\",\"potentialAction\":[{\"@type\":\"ReadAction\",\"target\":[\"https:\\\/\\\/inpre.es\\\/fr\\\/actualites\\\/\"]}]},{\"@type\":\"BreadcrumbList\",\"@id\":\"https:\\\/\\\/inpre.es\\\/fr\\\/actualites\\\/#breadcrumb\",\"itemListElement\":[{\"@type\":\"ListItem\",\"position\":1,\"name\":\"Portada\",\"item\":\"https:\\\/\\\/inpre.es\\\/fr\\\/accueil\\\/\"},{\"@type\":\"ListItem\",\"position\":2,\"name\":\"Actualit\u00e9s\"}]},{\"@type\":\"WebSite\",\"@id\":\"https:\\\/\\\/inpre.es\\\/fr\\\/#website\",\"url\":\"https:\\\/\\\/inpre.es\\\/fr\\\/\",\"name\":\"Inpre\",\"description\":\"Especialistas en poliester reforzado con fibra de vidrio\",\"potentialAction\":[{\"@type\":\"SearchAction\",\"target\":{\"@type\":\"EntryPoint\",\"urlTemplate\":\"https:\\\/\\\/inpre.es\\\/fr\\\/?s={search_term_string}\"},\"query-input\":{\"@type\":\"PropertyValueSpecification\",\"valueRequired\":true,\"valueName\":\"search_term_string\"}}],\"inLanguage\":\"fr-FR\"}]}<\/script>\n<!-- \/ Yoast SEO plugin. -->","yoast_head_json":{"title":"Actualit\u00e9s - Inpre","robots":{"index":"index","follow":"follow","max-snippet":"max-snippet:-1","max-image-preview":"max-image-preview:large","max-video-preview":"max-video-preview:-1"},"canonical":"https:\/\/inpre.es\/fr\/actualites\/","og_locale":"fr_FR","og_type":"article","og_title":"Actualit\u00e9s - Inpre","og_description":"Actualit\u00e9s","og_url":"https:\/\/inpre.es\/fr\/actualites\/","og_site_name":"Inpre","article_modified_time":"2025-10-31T09:19:45+00:00","twitter_card":"summary_large_image","schema":{"@context":"https:\/\/schema.org","@graph":[{"@type":"WebPage","@id":"https:\/\/inpre.es\/fr\/actualites\/","url":"https:\/\/inpre.es\/fr\/actualites\/","name":"Actualit\u00e9s - Inpre","isPartOf":{"@id":"https:\/\/inpre.es\/fr\/#website"},"datePublished":"2025-10-31T09:19:44+00:00","dateModified":"2025-10-31T09:19:45+00:00","breadcrumb":{"@id":"https:\/\/inpre.es\/fr\/actualites\/#breadcrumb"},"inLanguage":"fr-FR","potentialAction":[{"@type":"ReadAction","target":["https:\/\/inpre.es\/fr\/actualites\/"]}]},{"@type":"BreadcrumbList","@id":"https:\/\/inpre.es\/fr\/actualites\/#breadcrumb","itemListElement":[{"@type":"ListItem","position":1,"name":"Portada","item":"https:\/\/inpre.es\/fr\/accueil\/"},{"@type":"ListItem","position":2,"name":"Actualit\u00e9s"}]},{"@type":"WebSite","@id":"https:\/\/inpre.es\/fr\/#website","url":"https:\/\/inpre.es\/fr\/","name":"Inpre","description":"Especialistas en poliester reforzado con fibra de vidrio","potentialAction":[{"@type":"SearchAction","target":{"@type":"EntryPoint","urlTemplate":"https:\/\/inpre.es\/fr\/?s={search_term_string}"},"query-input":{"@type":"PropertyValueSpecification","valueRequired":true,"valueName":"search_term_string"}}],"inLanguage":"fr-FR"}]}},"_links":{"self":[{"href":"https:\/\/inpre.es\/fr\/wp-json\/wp\/v2\/pages\/226208","targetHints":{"allow":["GET"]}}],"collection":[{"href":"https:\/\/inpre.es\/fr\/wp-json\/wp\/v2\/pages"}],"about":[{"href":"https:\/\/inpre.es\/fr\/wp-json\/wp\/v2\/types\/page"}],"author":[{"embeddable":true,"href":"https:\/\/inpre.es\/fr\/wp-json\/wp\/v2\/users\/4"}],"replies":[{"embeddable":true,"href":"https:\/\/inpre.es\/fr\/wp-json\/wp\/v2\/comments?post=226208"}],"version-history":[{"count":1,"href":"https:\/\/inpre.es\/fr\/wp-json\/wp\/v2\/pages\/226208\/revisions"}],"predecessor-version":[{"id":226209,"href":"https:\/\/inpre.es\/fr\/wp-json\/wp\/v2\/pages\/226208\/revisions\/226209"}],"wp:attachment":[{"href":"https:\/\/inpre.es\/fr\/wp-json\/wp\/v2\/media?parent=226208"}],"curies":[{"name":"wp","href":"https:\/\/api.w.org\/{rel}","templated":true}]}}