{"id":226229,"date":"2025-10-31T10:22:54","date_gmt":"2025-10-31T09:22:54","guid":{"rendered":"https:\/\/inpre.es\/contact\/"},"modified":"2025-10-31T10:22:55","modified_gmt":"2025-10-31T09:22:55","slug":"contact","status":"publish","type":"page","link":"https:\/\/inpre.es\/fr\/contact\/","title":{"rendered":"Contact"},"content":{"rendered":"\t\t<div data-elementor-type=\"wp-page\" data-elementor-id=\"226229\" class=\"elementor elementor-226229 elementor-224179\" data-elementor-post-type=\"page\">\n\t\t\t\t<div class=\"elementor-element elementor-element-62cdc2b e-flex e-con-boxed e-con e-parent\" data-id=\"62cdc2b\" data-element_type=\"container\" data-e-type=\"container\" data-settings=\"{&quot;background_background&quot;:&quot;classic&quot;}\">\n\t\t\t\t\t<div class=\"e-con-inner\">\n\t\t<div class=\"elementor-element elementor-element-745f847 e-con-full e-flex e-con e-child\" data-id=\"745f847\" data-element_type=\"container\" data-e-type=\"container\">\n\t\t\t\t<div class=\"elementor-element elementor-element-9512390 elementor-invisible elementor-widget elementor-widget-heading\" data-id=\"9512390\" data-element_type=\"widget\" data-e-type=\"widget\" data-settings=\"{&quot;motion_fx_motion_fx_scrolling&quot;:&quot;yes&quot;,&quot;motion_fx_translateY_effect&quot;:&quot;yes&quot;,&quot;motion_fx_translateY_speed&quot;:{&quot;unit&quot;:&quot;px&quot;,&quot;size&quot;:3,&quot;sizes&quot;:[]},&quot;_animation&quot;:&quot;fadeIn&quot;,&quot;motion_fx_translateY_affectedRange&quot;:{&quot;unit&quot;:&quot;%&quot;,&quot;size&quot;:&quot;&quot;,&quot;sizes&quot;:{&quot;start&quot;:0,&quot;end&quot;:100}},&quot;motion_fx_devices&quot;:[&quot;desktop&quot;,&quot;tablet&quot;,&quot;mobile&quot;]}\" data-widget_type=\"heading.default\">\n\t\t\t\t\t<h2 class=\"elementor-heading-title elementor-size-default\">Contact<\/h2>\t\t\t\t<\/div>\n\t\t\t\t<\/div>\n\t\t\t\t\t<\/div>\n\t\t\t\t<\/div>\n\t\t<div class=\"elementor-element elementor-element-6299181 e-flex e-con-boxed e-con e-parent\" data-id=\"6299181\" data-element_type=\"container\" data-e-type=\"container\" data-settings=\"{&quot;background_background&quot;:&quot;classic&quot;}\">\n\t\t\t\t\t<div class=\"e-con-inner\">\n\t\t<div class=\"elementor-element elementor-element-05c359d e-con-full e-flex e-con e-child\" data-id=\"05c359d\" data-element_type=\"container\" data-e-type=\"container\" data-settings=\"{&quot;background_background&quot;:&quot;classic&quot;}\">\n\t\t\t\t<\/div>\n\t\t<div class=\"elementor-element elementor-element-f8056d1 e-con-full e-flex e-con e-child\" data-id=\"f8056d1\" data-element_type=\"container\" data-e-type=\"container\">\n\t\t\t\t<div class=\"elementor-element elementor-element-71721b6 elementor-widget elementor-widget-heading\" data-id=\"71721b6\" data-element_type=\"widget\" data-e-type=\"widget\" data-widget_type=\"heading.default\">\n\t\t\t\t\t<h2 class=\"elementor-heading-title elementor-size-default\">INPRE San Adri\u00e1n<\/h2>\t\t\t\t<\/div>\n\t\t\t\t<div class=\"elementor-element elementor-element-2efbcab elementor-widget elementor-widget-text-editor\" data-id=\"2efbcab\" data-element_type=\"widget\" data-e-type=\"widget\" data-widget_type=\"text-editor.default\">\n\t\t\t\t\t\t\t\t\t<p><strong>Adresse<\/strong> Pol. Industrial nave 44. 31570 San Adri\u00e1n, Navarre.  <br><br><strong>T\u00e9l.<\/strong>  +34 948 670 900<br><br><strong>Email<\/strong> inpre@inpre.es<\/p><p><strong>Horaires de bureau<\/strong> Du lundi au jeudi de 08h00 \u00e0 13h00 et de 14h00 \u00e0 17h15. Le vendredi de 08h00 \u00e0 15h00 (sauf en \u00e9t\u00e9, de 07h00 \u00e0 15h00). Samedi et dimanche, ferm\u00e9.  <br><br><strong>Horaires de chargement\/d\u00e9chargement<\/strong> Du lundi au vendredi de 07h00 \u00e0 13h00. Samedi et dimanche, ferm\u00e9. <\/p>\t\t\t\t\t\t\t\t<\/div>\n\t\t\t\t<\/div>\n\t\t\t\t\t<\/div>\n\t\t\t\t<\/div>\n\t\t<div class=\"elementor-element elementor-element-738331a e-flex e-con-boxed e-con e-parent\" data-id=\"738331a\" data-element_type=\"container\" data-e-type=\"container\">\n\t\t\t\t\t<div class=\"e-con-inner\">\n\t\t\t\t<div class=\"elementor-element elementor-element-e69d433 elementor-widget elementor-widget-google_maps\" data-id=\"e69d433\" data-element_type=\"widget\" data-e-type=\"widget\" data-widget_type=\"google_maps.default\">\n\t\t\t\t\t\t\t<div class=\"elementor-custom-embed\">\n\t\t\t<iframe loading=\"lazy\"\n\t\t\t\t\tsrc=\"https:\/\/maps.google.com\/maps?q=INPRE&#038;t=m&#038;z=14&#038;output=embed&#038;iwloc=near\"\n\t\t\t\t\ttitle=\"INPRE\"\n\t\t\t\t\taria-label=\"INPRE\"\n\t\t\t><\/iframe>\n\t\t<\/div>\n\t\t\t\t\t\t<\/div>\n\t\t\t\t\t<\/div>\n\t\t\t\t<\/div>\n\t\t<div class=\"elementor-element elementor-element-44f499d e-flex e-con-boxed e-con e-parent\" data-id=\"44f499d\" data-element_type=\"container\" data-e-type=\"container\" data-settings=\"{&quot;background_background&quot;:&quot;classic&quot;}\">\n\t\t\t\t\t<div class=\"e-con-inner\">\n\t\t<div class=\"elementor-element elementor-element-48cea48 e-con-full e-flex e-con e-child\" data-id=\"48cea48\" data-element_type=\"container\" data-e-type=\"container\" data-settings=\"{&quot;background_background&quot;:&quot;classic&quot;}\">\n\t\t\t\t<\/div>\n\t\t<div class=\"elementor-element elementor-element-542c215 e-con-full e-flex e-con e-child\" data-id=\"542c215\" data-element_type=\"container\" data-e-type=\"container\">\n\t\t\t\t<div class=\"elementor-element elementor-element-b6e14ee elementor-widget elementor-widget-heading\" data-id=\"b6e14ee\" data-element_type=\"widget\" data-e-type=\"widget\" data-widget_type=\"heading.default\">\n\t\t\t\t\t<h2 class=\"elementor-heading-title elementor-size-default\">INPRE \u00c1greda<\/h2>\t\t\t\t<\/div>\n\t\t\t\t<div class=\"elementor-element elementor-element-60e6bd0 elementor-widget elementor-widget-text-editor\" data-id=\"60e6bd0\" data-element_type=\"widget\" data-e-type=\"widget\" data-widget_type=\"text-editor.default\">\n\t\t\t\t\t\t\t\t\t<p><strong>Adresse<\/strong> Pol. Industrial de Valdemies II, Parcela 2. 42100 \u00c1greda, Soria.  <br><br><strong>T\u00e9l.<\/strong>  +34 976 192 812<br><br><strong>Email<\/strong> inpre@inpre.es<br><br><strong>Horaires<\/strong> Du lundi au jeudi de 06h00 \u00e0 21h00. Samedi et dimanche, ferm\u00e9. <\/p>\t\t\t\t\t\t\t\t<\/div>\n\t\t\t\t<div class=\"elementor-element elementor-element-5d86070 elementor-widget elementor-widget-image\" data-id=\"5d86070\" data-element_type=\"widget\" data-e-type=\"widget\" data-widget_type=\"image.default\">\n\t\t\t\t\t\t\t\t\t\t\t\t\t\t\t<img fetchpriority=\"high\" decoding=\"async\" width=\"539\" height=\"265\" src=\"https:\/\/inpre.es\/wp-content\/uploads\/2022\/12\/LogoINPREmolincar.png\" class=\"attachment-large size-large wp-image-226244\" alt=\"\" srcset=\"https:\/\/inpre.es\/wp-content\/uploads\/2022\/12\/LogoINPREmolincar.png 539w, https:\/\/inpre.es\/wp-content\/uploads\/2022\/12\/LogoINPREmolincar-300x147.png 300w\" sizes=\"(max-width: 539px) 100vw, 539px\" \/>\t\t\t\t\t\t\t\t\t\t\t\t\t\t\t<\/div>\n\t\t\t\t<\/div>\n\t\t\t\t\t<\/div>\n\t\t\t\t<\/div>\n\t\t<div class=\"elementor-element elementor-element-26db1e6 e-flex e-con-boxed e-con e-parent\" data-id=\"26db1e6\" data-element_type=\"container\" data-e-type=\"container\">\n\t\t\t\t\t<div class=\"e-con-inner\">\n\t\t\t\t<div class=\"elementor-element elementor-element-fbd359f elementor-widget elementor-widget-google_maps\" data-id=\"fbd359f\" data-element_type=\"widget\" data-e-type=\"widget\" data-widget_type=\"google_maps.default\">\n\t\t\t\t\t\t\t<div class=\"elementor-custom-embed\">\n\t\t\t<iframe loading=\"lazy\"\n\t\t\t\t\tsrc=\"https:\/\/maps.google.com\/maps?q=Molincar%20t%C3%A9cnica&#038;t=m&#038;z=13&#038;output=embed&#038;iwloc=near\"\n\t\t\t\t\ttitle=\"Molincar t\u00e9cnica\"\n\t\t\t\t\taria-label=\"Molincar t\u00e9cnica\"\n\t\t\t><\/iframe>\n\t\t<\/div>\n\t\t\t\t\t\t<\/div>\n\t\t\t\t\t<\/div>\n\t\t\t\t<\/div>\n\t\t<div class=\"elementor-element elementor-element-28379c4 e-flex e-con-boxed e-con e-parent\" data-id=\"28379c4\" data-element_type=\"container\" data-e-type=\"container\" data-settings=\"{&quot;background_background&quot;:&quot;classic&quot;}\">\n\t\t\t\t\t<div class=\"e-con-inner\">\n\t\t<div class=\"elementor-element elementor-element-8482b54 e-con-full e-flex e-con e-child\" data-id=\"8482b54\" data-element_type=\"container\" data-e-type=\"container\">\n\t\t\t\t<div class=\"elementor-element elementor-element-c8f29af elementor-widget elementor-widget-heading\" data-id=\"c8f29af\" data-element_type=\"widget\" data-e-type=\"widget\" data-widget_type=\"heading.default\">\n\t\t\t\t\t<h2 class=\"elementor-heading-title elementor-size-default\">Travailler avec nous<\/h2>\t\t\t\t<\/div>\n\t\t\t\t<div class=\"elementor-element elementor-element-ee608f3 elementor-widget elementor-widget-text-editor\" data-id=\"ee608f3\" data-element_type=\"widget\" data-e-type=\"widget\" data-widget_type=\"text-editor.default\">\n\t\t\t\t\t\t\t\t\t<p>Chez INPRE, nous parions sur l&rsquo;avenir, sur l&rsquo;innovation, les nouvelles id\u00e9es, les diff\u00e9rentes fa\u00e7ons de faire les choses, en un mot : <strong>le talent<\/strong>. Si vous avez de l&rsquo;initiative, que vous \u00eates une personne curieuse et que vous souhaitez faire partie de notre \u00e9quipe, vous pouvez nous envoyer votre Curriculum Vitae \u00e0 partir du formulaire suivant. <\/p>\t\t\t\t\t\t\t\t<\/div>\n\t\t\t\t<div class=\"elementor-element elementor-element-cd660d3 elementor-button-align-start elementor-widget elementor-widget-form\" data-id=\"cd660d3\" data-element_type=\"widget\" data-e-type=\"widget\" data-settings=\"{&quot;step_next_label&quot;:&quot;Suivant&quot;,&quot;step_previous_label&quot;:&quot;Pr\\u00e9c\\u00e9dent&quot;,&quot;button_width&quot;:&quot;100&quot;,&quot;step_type&quot;:&quot;number_text&quot;,&quot;step_icon_shape&quot;:&quot;circle&quot;}\" data-widget_type=\"form.default\">\n\t\t\t\t\t\t\t<form class=\"elementor-form\" method=\"post\" name=\"Nouveau formulaire\" aria-label=\"Nouveau formulaire\">\n\t\t\t<input type=\"hidden\" name=\"post_id\" value=\"226229\"\/>\n\t\t\t<input type=\"hidden\" name=\"form_id\" value=\"cd660d3\"\/>\n\t\t\t<input type=\"hidden\" name=\"referer_title\" value=\"Contact - Inpre\" \/>\n\n\t\t\t\t\t\t\t<input type=\"hidden\" name=\"queried_id\" value=\"226229\"\/>\n\t\t\t\n\t\t\t<div class=\"elementor-form-fields-wrapper elementor-labels-above\">\n\t\t\t\t\t\t\t\t<div class=\"elementor-field-type-text elementor-field-group elementor-column elementor-field-group-name elementor-col-100\">\n\t\t\t\t\t\t\t\t\t\t\t\t\t<input size=\"1\" type=\"text\" name=\"form_fields[name]\" id=\"form-field-name\" class=\"elementor-field elementor-size-sm  elementor-field-textual\" placeholder=\"Nom\">\n\t\t\t\t\t\t\t\t\t\t\t<\/div>\n\t\t\t\t\t\t\t\t<div class=\"elementor-field-type-text elementor-field-group elementor-column elementor-field-group-field_989dc7e elementor-col-100\">\n\t\t\t\t\t\t\t\t\t\t\t\t\t<input size=\"1\" type=\"text\" name=\"form_fields[field_989dc7e]\" id=\"form-field-field_989dc7e\" class=\"elementor-field elementor-size-sm  elementor-field-textual\" placeholder=\"Nom de famille\">\n\t\t\t\t\t\t\t\t\t\t\t<\/div>\n\t\t\t\t\t\t\t\t<div class=\"elementor-field-type-email elementor-field-group elementor-column elementor-field-group-email elementor-col-100 elementor-field-required\">\n\t\t\t\t\t\t\t\t\t\t\t\t\t<input size=\"1\" type=\"email\" name=\"form_fields[email]\" id=\"form-field-email\" class=\"elementor-field elementor-size-sm  elementor-field-textual\" placeholder=\"Email\" required=\"required\">\n\t\t\t\t\t\t\t\t\t\t\t<\/div>\n\t\t\t\t\t\t\t\t<div class=\"elementor-field-type-upload elementor-field-group elementor-column elementor-field-group-field_b2c13b0 elementor-col-100\">\n\t\t\t\t\t\t\t\t\t\t\t\t<label for=\"form-field-field_b2c13b0\" class=\"elementor-field-label\">\n\t\t\t\t\t\t\t\tJoindre un curriculum vitae au format PDF, DOC ou DOCX (max. 10 Mo) :\t\t\t\t\t\t\t<\/label>\n\t\t\t\t\t\t\t\t<input type=\"file\" name=\"form_fields[field_b2c13b0]\" id=\"form-field-field_b2c13b0\" class=\"elementor-field elementor-size-sm  elementor-upload-field\" data-maxsize=\"10\" data-maxsize-message=\"Ce fichier d\u00e9passe la taille maximale autoris\u00e9e.\">\n\n\t\t\t\t\t\t<\/div>\n\t\t\t\t\t\t\t\t<div class=\"elementor-field-type-acceptance elementor-field-group elementor-column elementor-field-group-field_cbdb0b0 elementor-col-100\">\n\t\t\t\t\t\t\t<div class=\"elementor-field-subgroup\">\n\t\t\t<span class=\"elementor-field-option\">\n\t\t\t\t<input type=\"checkbox\" name=\"form_fields[field_cbdb0b0]\" id=\"form-field-field_cbdb0b0\" class=\"elementor-field elementor-size-sm  elementor-acceptance-field\">\n\t\t\t\t<label for=\"form-field-field_cbdb0b0\">J\u2019ai lu et j\u2019accepte les mentions l\u00e9gales et la politique de confidentialit\u00e9.<\/label>\t\t\t<\/span>\n\t\t<\/div>\n\t\t\t\t\t\t<\/div>\n\t\t\t\t\t\t\t\t<div class=\"elementor-field-group elementor-column elementor-field-type-submit elementor-col-100 e-form__buttons\">\n\t\t\t\t\t<button class=\"elementor-button elementor-size-sm\" type=\"submit\">\n\t\t\t\t\t\t<span class=\"elementor-button-content-wrapper\">\n\t\t\t\t\t\t\t\t\t\t\t\t\t\t\t\t\t\t\t\t\t\t<span class=\"elementor-button-text\">Envoyer<\/span>\n\t\t\t\t\t\t\t\t\t\t\t\t\t<\/span>\n\t\t\t\t\t<\/button>\n\t\t\t\t<\/div>\n\t\t\t<\/div>\n\t\t<\/form>\n\t\t\t\t\t\t<\/div>\n\t\t\t\t<\/div>\n\t\t<div class=\"elementor-element elementor-element-35dede4 e-con-full e-flex e-con e-child\" data-id=\"35dede4\" data-element_type=\"container\" data-e-type=\"container\">\n\t\t\t\t<div class=\"elementor-element elementor-element-9891efc elementor-widget elementor-widget-image\" data-id=\"9891efc\" data-element_type=\"widget\" data-e-type=\"widget\" data-widget_type=\"image.default\">\n\t\t\t\t\t\t\t\t\t\t\t\t\t\t\t<img decoding=\"async\" width=\"800\" height=\"450\" src=\"https:\/\/inpre.es\/wp-content\/uploads\/2022\/11\/INPRE_SanAdrian-LOGONuevo-1024x576.jpg\" class=\"attachment-large size-large wp-image-226239\" alt=\"\" srcset=\"https:\/\/inpre.es\/wp-content\/uploads\/2022\/11\/INPRE_SanAdrian-LOGONuevo-1024x576.jpg 1024w, https:\/\/inpre.es\/wp-content\/uploads\/2022\/11\/INPRE_SanAdrian-LOGONuevo-300x169.jpg 300w, https:\/\/inpre.es\/wp-content\/uploads\/2022\/11\/INPRE_SanAdrian-LOGONuevo-768x432.jpg 768w, https:\/\/inpre.es\/wp-content\/uploads\/2022\/11\/INPRE_SanAdrian-LOGONuevo-1536x864.jpg 1536w, https:\/\/inpre.es\/wp-content\/uploads\/2022\/11\/INPRE_SanAdrian-LOGONuevo.jpg 1920w\" sizes=\"(max-width: 800px) 100vw, 800px\" \/>\t\t\t\t\t\t\t\t\t\t\t\t\t\t\t<\/div>\n\t\t\t\t<\/div>\n\t\t\t\t\t<\/div>\n\t\t\t\t<\/div>\n\t\t\t\t<\/div>\n\t\t","protected":false},"excerpt":{"rendered":"<p>Contact INPRE San Adri\u00e1n Adresse Pol. Industrial nave 44. 31570 San Adri\u00e1n, Navarre. T\u00e9l. +34 948 670 900 Email inpre@inpre.es Horaires de bureau Du lundi au jeudi de 08h00 \u00e0 13h00 et de 14h00 \u00e0 17h15. Le vendredi de 08h00 \u00e0 15h00 (sauf en \u00e9t\u00e9, de 07h00 \u00e0 15h00). Samedi et dimanche, ferm\u00e9. Horaires de [&hellip;]<\/p>\n","protected":false},"author":4,"featured_media":0,"parent":0,"menu_order":6,"comment_status":"closed","ping_status":"closed","template":"","meta":{"footnotes":""},"class_list":["post-226229","page","type-page","status-publish","hentry"],"yoast_head":"<!-- This site is optimized with the Yoast SEO plugin v27.4 - https:\/\/yoast.com\/product\/yoast-seo-wordpress\/ -->\n<title>Contact - Inpre<\/title>\n<meta name=\"robots\" content=\"index, follow, max-snippet:-1, max-image-preview:large, max-video-preview:-1\" \/>\n<link rel=\"canonical\" href=\"https:\/\/inpre.es\/fr\/contact\/\" \/>\n<meta property=\"og:locale\" content=\"fr_FR\" \/>\n<meta property=\"og:type\" content=\"article\" \/>\n<meta property=\"og:title\" content=\"Contact - Inpre\" \/>\n<meta property=\"og:description\" content=\"Contact INPRE San Adri\u00e1n Adresse Pol. Industrial nave 44. 31570 San Adri\u00e1n, Navarre. T\u00e9l. +34 948 670 900 Email inpre@inpre.es Horaires de bureau Du lundi au jeudi de 08h00 \u00e0 13h00 et de 14h00 \u00e0 17h15. Le vendredi de 08h00 \u00e0 15h00 (sauf en \u00e9t\u00e9, de 07h00 \u00e0 15h00). Samedi et dimanche, ferm\u00e9. Horaires de [&hellip;]\" \/>\n<meta property=\"og:url\" content=\"https:\/\/inpre.es\/fr\/contact\/\" \/>\n<meta property=\"og:site_name\" content=\"Inpre\" \/>\n<meta property=\"article:modified_time\" content=\"2025-10-31T09:22:55+00:00\" \/>\n<meta property=\"og:image\" content=\"https:\/\/inpre.es\/wp-content\/uploads\/2022\/12\/LogoINPREmolincar.png\" \/>\n\t<meta property=\"og:image:width\" content=\"539\" \/>\n\t<meta property=\"og:image:height\" content=\"265\" \/>\n\t<meta property=\"og:image:type\" content=\"image\/png\" \/>\n<meta name=\"twitter:card\" content=\"summary_large_image\" \/>\n<meta name=\"twitter:label1\" content=\"Dur\u00e9e de lecture estim\u00e9e\" \/>\n\t<meta name=\"twitter:data1\" content=\"1 minute\" \/>\n<script type=\"application\/ld+json\" class=\"yoast-schema-graph\">{\"@context\":\"https:\\\/\\\/schema.org\",\"@graph\":[{\"@type\":\"WebPage\",\"@id\":\"https:\\\/\\\/inpre.es\\\/fr\\\/contact\\\/\",\"url\":\"https:\\\/\\\/inpre.es\\\/fr\\\/contact\\\/\",\"name\":\"Contact - Inpre\",\"isPartOf\":{\"@id\":\"https:\\\/\\\/inpre.es\\\/fr\\\/#website\"},\"primaryImageOfPage\":{\"@id\":\"https:\\\/\\\/inpre.es\\\/fr\\\/contact\\\/#primaryimage\"},\"image\":{\"@id\":\"https:\\\/\\\/inpre.es\\\/fr\\\/contact\\\/#primaryimage\"},\"thumbnailUrl\":\"https:\\\/\\\/inpre.es\\\/wp-content\\\/uploads\\\/2022\\\/12\\\/LogoINPREmolincar.png\",\"datePublished\":\"2025-10-31T09:22:54+00:00\",\"dateModified\":\"2025-10-31T09:22:55+00:00\",\"breadcrumb\":{\"@id\":\"https:\\\/\\\/inpre.es\\\/fr\\\/contact\\\/#breadcrumb\"},\"inLanguage\":\"fr-FR\",\"potentialAction\":[{\"@type\":\"ReadAction\",\"target\":[\"https:\\\/\\\/inpre.es\\\/fr\\\/contact\\\/\"]}]},{\"@type\":\"ImageObject\",\"inLanguage\":\"fr-FR\",\"@id\":\"https:\\\/\\\/inpre.es\\\/fr\\\/contact\\\/#primaryimage\",\"url\":\"https:\\\/\\\/inpre.es\\\/wp-content\\\/uploads\\\/2022\\\/12\\\/LogoINPREmolincar.png\",\"contentUrl\":\"https:\\\/\\\/inpre.es\\\/wp-content\\\/uploads\\\/2022\\\/12\\\/LogoINPREmolincar.png\"},{\"@type\":\"BreadcrumbList\",\"@id\":\"https:\\\/\\\/inpre.es\\\/fr\\\/contact\\\/#breadcrumb\",\"itemListElement\":[{\"@type\":\"ListItem\",\"position\":1,\"name\":\"Portada\",\"item\":\"https:\\\/\\\/inpre.es\\\/fr\\\/accueil\\\/\"},{\"@type\":\"ListItem\",\"position\":2,\"name\":\"Contact\"}]},{\"@type\":\"WebSite\",\"@id\":\"https:\\\/\\\/inpre.es\\\/fr\\\/#website\",\"url\":\"https:\\\/\\\/inpre.es\\\/fr\\\/\",\"name\":\"Inpre\",\"description\":\"Especialistas en poliester reforzado con fibra de vidrio\",\"potentialAction\":[{\"@type\":\"SearchAction\",\"target\":{\"@type\":\"EntryPoint\",\"urlTemplate\":\"https:\\\/\\\/inpre.es\\\/fr\\\/?s={search_term_string}\"},\"query-input\":{\"@type\":\"PropertyValueSpecification\",\"valueRequired\":true,\"valueName\":\"search_term_string\"}}],\"inLanguage\":\"fr-FR\"}]}<\/script>\n<!-- \/ Yoast SEO plugin. -->","yoast_head_json":{"title":"Contact - Inpre","robots":{"index":"index","follow":"follow","max-snippet":"max-snippet:-1","max-image-preview":"max-image-preview:large","max-video-preview":"max-video-preview:-1"},"canonical":"https:\/\/inpre.es\/fr\/contact\/","og_locale":"fr_FR","og_type":"article","og_title":"Contact - Inpre","og_description":"Contact INPRE San Adri\u00e1n Adresse Pol. Industrial nave 44. 31570 San Adri\u00e1n, Navarre. T\u00e9l. +34 948 670 900 Email inpre@inpre.es Horaires de bureau Du lundi au jeudi de 08h00 \u00e0 13h00 et de 14h00 \u00e0 17h15. Le vendredi de 08h00 \u00e0 15h00 (sauf en \u00e9t\u00e9, de 07h00 \u00e0 15h00). Samedi et dimanche, ferm\u00e9. Horaires de [&hellip;]","og_url":"https:\/\/inpre.es\/fr\/contact\/","og_site_name":"Inpre","article_modified_time":"2025-10-31T09:22:55+00:00","og_image":[{"width":539,"height":265,"url":"https:\/\/inpre.es\/wp-content\/uploads\/2022\/12\/LogoINPREmolincar.png","type":"image\/png"}],"twitter_card":"summary_large_image","twitter_misc":{"Dur\u00e9e de lecture estim\u00e9e":"1 minute"},"schema":{"@context":"https:\/\/schema.org","@graph":[{"@type":"WebPage","@id":"https:\/\/inpre.es\/fr\/contact\/","url":"https:\/\/inpre.es\/fr\/contact\/","name":"Contact - Inpre","isPartOf":{"@id":"https:\/\/inpre.es\/fr\/#website"},"primaryImageOfPage":{"@id":"https:\/\/inpre.es\/fr\/contact\/#primaryimage"},"image":{"@id":"https:\/\/inpre.es\/fr\/contact\/#primaryimage"},"thumbnailUrl":"https:\/\/inpre.es\/wp-content\/uploads\/2022\/12\/LogoINPREmolincar.png","datePublished":"2025-10-31T09:22:54+00:00","dateModified":"2025-10-31T09:22:55+00:00","breadcrumb":{"@id":"https:\/\/inpre.es\/fr\/contact\/#breadcrumb"},"inLanguage":"fr-FR","potentialAction":[{"@type":"ReadAction","target":["https:\/\/inpre.es\/fr\/contact\/"]}]},{"@type":"ImageObject","inLanguage":"fr-FR","@id":"https:\/\/inpre.es\/fr\/contact\/#primaryimage","url":"https:\/\/inpre.es\/wp-content\/uploads\/2022\/12\/LogoINPREmolincar.png","contentUrl":"https:\/\/inpre.es\/wp-content\/uploads\/2022\/12\/LogoINPREmolincar.png"},{"@type":"BreadcrumbList","@id":"https:\/\/inpre.es\/fr\/contact\/#breadcrumb","itemListElement":[{"@type":"ListItem","position":1,"name":"Portada","item":"https:\/\/inpre.es\/fr\/accueil\/"},{"@type":"ListItem","position":2,"name":"Contact"}]},{"@type":"WebSite","@id":"https:\/\/inpre.es\/fr\/#website","url":"https:\/\/inpre.es\/fr\/","name":"Inpre","description":"Especialistas en poliester reforzado con fibra de vidrio","potentialAction":[{"@type":"SearchAction","target":{"@type":"EntryPoint","urlTemplate":"https:\/\/inpre.es\/fr\/?s={search_term_string}"},"query-input":{"@type":"PropertyValueSpecification","valueRequired":true,"valueName":"search_term_string"}}],"inLanguage":"fr-FR"}]}},"_links":{"self":[{"href":"https:\/\/inpre.es\/fr\/wp-json\/wp\/v2\/pages\/226229","targetHints":{"allow":["GET"]}}],"collection":[{"href":"https:\/\/inpre.es\/fr\/wp-json\/wp\/v2\/pages"}],"about":[{"href":"https:\/\/inpre.es\/fr\/wp-json\/wp\/v2\/types\/page"}],"author":[{"embeddable":true,"href":"https:\/\/inpre.es\/fr\/wp-json\/wp\/v2\/users\/4"}],"replies":[{"embeddable":true,"href":"https:\/\/inpre.es\/fr\/wp-json\/wp\/v2\/comments?post=226229"}],"version-history":[{"count":1,"href":"https:\/\/inpre.es\/fr\/wp-json\/wp\/v2\/pages\/226229\/revisions"}],"predecessor-version":[{"id":226245,"href":"https:\/\/inpre.es\/fr\/wp-json\/wp\/v2\/pages\/226229\/revisions\/226245"}],"wp:attachment":[{"href":"https:\/\/inpre.es\/fr\/wp-json\/wp\/v2\/media?parent=226229"}],"curies":[{"name":"wp","href":"https:\/\/api.w.org\/{rel}","templated":true}]}}