{"id":226269,"date":"2025-10-31T10:34:34","date_gmt":"2025-10-31T09:34:34","guid":{"rendered":"https:\/\/inpre.es\/politique-relative-aux-cookies-ue\/"},"modified":"2025-10-31T10:34:34","modified_gmt":"2025-10-31T09:34:34","slug":"politique-relative-aux-cookies-ue","status":"publish","type":"page","link":"https:\/\/inpre.es\/fr\/politique-relative-aux-cookies-ue\/","title":{"rendered":"Politique relative aux cookies (UE)"},"content":{"rendered":"\t\t<div data-elementor-type=\"wp-page\" data-elementor-id=\"226269\" class=\"elementor elementor-226269 elementor-224182\" data-elementor-post-type=\"page\">\n\t\t\t\t<div class=\"elementor-element elementor-element-1fe7a50 e-flex e-con-boxed e-con e-parent\" data-id=\"1fe7a50\" data-element_type=\"container\" data-e-type=\"container\">\n\t\t\t\t\t<div class=\"e-con-inner\">\n\t\t\t\t<div class=\"elementor-element elementor-element-c435100 elementor-widget elementor-widget-heading\" data-id=\"c435100\" data-element_type=\"widget\" data-e-type=\"widget\" data-widget_type=\"heading.default\">\n\t\t\t\t\t<h2 class=\"elementor-heading-title elementor-size-default\">Politique relative aux cookies<\/h2>\t\t\t\t<\/div>\n\t\t\t\t<div class=\"elementor-element elementor-element-581746d elementor-widget elementor-widget-text-editor\" data-id=\"581746d\" data-element_type=\"widget\" data-e-type=\"widget\" data-widget_type=\"text-editor.default\">\n\t\t\t\t\t\t\t\t\t<p>Cette politique relative aux cookies a \u00e9t\u00e9 mise \u00e0 jour pour la derni\u00e8re fois le 6 juillet 2021 et s\u2019applique aux citoyens et aux r\u00e9sidents l\u00e9gaux permanents de l\u2019Espace \u00e9conomique europ\u00e9en et de la Suisse<\/p>\t\t\t\t\t\t\t\t<\/div>\n\t\t\t\t<div class=\"elementor-element elementor-element-823af87 elementor-widget elementor-widget-heading\" data-id=\"823af87\" data-element_type=\"widget\" data-e-type=\"widget\" data-widget_type=\"heading.default\">\n\t\t\t\t\t<h2 class=\"elementor-heading-title elementor-size-default\">INTRODUCTION<\/h2>\t\t\t\t<\/div>\n\t\t\t\t<div class=\"elementor-element elementor-element-ed58117 elementor-widget elementor-widget-text-editor\" data-id=\"ed58117\" data-element_type=\"widget\" data-e-type=\"widget\" data-widget_type=\"text-editor.default\">\n\t\t\t\t\t\t\t\t\t<p>Notre site web, https:\/\/www.inpre.es (ci-apr\u00e8s&nbsp;: \u00ab&nbsp;le site web&nbsp;\u00bb) utilise des cookies et autres technologies connexes (par souci de commodit\u00e9, toutes les technologies sont d\u00e9sign\u00e9es par le terme \u00ab&nbsp;cookies&nbsp;\u00bb). Les cookies sont \u00e9galement plac\u00e9s par des tiers que nous avons engag\u00e9s. Dans le document suivant, nous vous informons de l\u2019utilisation des cookies sur notre site web.  <\/p>\t\t\t\t\t\t\t\t<\/div>\n\t\t\t\t<div class=\"elementor-element elementor-element-1e85b63 elementor-widget elementor-widget-heading\" data-id=\"1e85b63\" data-element_type=\"widget\" data-e-type=\"widget\" data-widget_type=\"heading.default\">\n\t\t\t\t\t<h2 class=\"elementor-heading-title elementor-size-default\">QUE SONT LES COOKIES&nbsp;?<\/h2>\t\t\t\t<\/div>\n\t\t\t\t<div class=\"elementor-element elementor-element-0078a7f elementor-widget elementor-widget-text-editor\" data-id=\"0078a7f\" data-element_type=\"widget\" data-e-type=\"widget\" data-widget_type=\"text-editor.default\">\n\t\t\t\t\t\t\t\t\t<p>Un cookie est un petit fichier qui est envoy\u00e9 avec les pages de ce site web et que votre navigateur stocke sur le disque dur de votre ordinateur ou d\u2019un autre appareil. Les informations stock\u00e9es peuvent \u00eatre renvoy\u00e9es \u00e0 nos serveurs ou aux serveurs de tiers appropri\u00e9s lors d\u2019une visite ult\u00e9rieure. <\/p>\t\t\t\t\t\t\t\t<\/div>\n\t\t\t\t<div class=\"elementor-element elementor-element-575c46b elementor-widget elementor-widget-heading\" data-id=\"575c46b\" data-element_type=\"widget\" data-e-type=\"widget\" data-widget_type=\"heading.default\">\n\t\t\t\t\t<h2 class=\"elementor-heading-title elementor-size-default\">QUE SONT LES SCRIPTS&nbsp;?<\/h2>\t\t\t\t<\/div>\n\t\t\t\t<div class=\"elementor-element elementor-element-d36531b elementor-widget elementor-widget-text-editor\" data-id=\"d36531b\" data-element_type=\"widget\" data-e-type=\"widget\" data-widget_type=\"text-editor.default\">\n\t\t\t\t\t\t\t\t\t<p>Un script est un fragment de code de programme qui est utilis\u00e9 pour faire fonctionner notre site web correctement et de mani\u00e8re interactive. Ce code est ex\u00e9cut\u00e9 sur notre serveur ou sur votre appareil. <\/p>\t\t\t\t\t\t\t\t<\/div>\n\t\t\t\t<div class=\"elementor-element elementor-element-d107a69 elementor-widget elementor-widget-heading\" data-id=\"d107a69\" data-element_type=\"widget\" data-e-type=\"widget\" data-widget_type=\"heading.default\">\n\t\t\t\t\t<h2 class=\"elementor-heading-title elementor-size-default\">QU\u2019EST-CE QU\u2019UN WEB BEACON&nbsp;?<\/h2>\t\t\t\t<\/div>\n\t\t\t\t<div class=\"elementor-element elementor-element-186355f elementor-widget elementor-widget-text-editor\" data-id=\"186355f\" data-element_type=\"widget\" data-e-type=\"widget\" data-widget_type=\"text-editor.default\">\n\t\t\t\t\t\t\t\t\t<p>Une balise web (ou une balise pixel) est une petite et invisible portion de texte ou d\u2019image sur un site web, utilis\u00e9e pour surveiller le trafic. Pour ce faire, plusieurs donn\u00e9es vous concernant sont stock\u00e9es \u00e0 l\u2019aide de ces balises web. <\/p>\t\t\t\t\t\t\t\t<\/div>\n\t\t\t\t<div class=\"elementor-element elementor-element-7e7ec4c elementor-widget elementor-widget-heading\" data-id=\"7e7ec4c\" data-element_type=\"widget\" data-e-type=\"widget\" data-widget_type=\"heading.default\">\n\t\t\t\t\t<h2 class=\"elementor-heading-title elementor-size-default\">COOKIES TECHNIQUES OU FONCTIONNELS<\/h2>\t\t\t\t<\/div>\n\t\t\t\t<div class=\"elementor-element elementor-element-115ef2f elementor-widget elementor-widget-text-editor\" data-id=\"115ef2f\" data-element_type=\"widget\" data-e-type=\"widget\" data-widget_type=\"text-editor.default\">\n\t\t\t\t\t\t\t\t\t<p>Certains cookies garantissent le bon fonctionnement de certaines parties du site web et la m\u00e9morisation de vos pr\u00e9f\u00e9rences d\u2019utilisateur. En pla\u00e7ant des cookies fonctionnels, nous vous facilitons la visite de notre site web. Ainsi, vous n\u2019avez pas besoin d\u2019entrer \u00e0 plusieurs reprises les m\u00eames informations lorsque vous visitez notre site web et, par exemple, les \u00e9l\u00e9ments restent dans votre panier jusqu\u2019\u00e0 ce que vous ayez pay\u00e9. Nous pouvons placer ces cookies sans votre consentement.   <\/p>\t\t\t\t\t\t\t\t<\/div>\n\t\t\t\t<div class=\"elementor-element elementor-element-4b1de10 elementor-widget elementor-widget-heading\" data-id=\"4b1de10\" data-element_type=\"widget\" data-e-type=\"widget\" data-widget_type=\"heading.default\">\n\t\t\t\t\t<h2 class=\"elementor-heading-title elementor-size-default\">COOKIES DE STATISTIQUES<\/h2>\t\t\t\t<\/div>\n\t\t\t\t<div class=\"elementor-element elementor-element-6ea4bd4 elementor-widget elementor-widget-text-editor\" data-id=\"6ea4bd4\" data-element_type=\"widget\" data-e-type=\"widget\" data-widget_type=\"text-editor.default\">\n\t\t\t\t\t\t\t\t\t<p>Nous utilisons des cookies statistiques pour optimiser l\u2019exp\u00e9rience des utilisateurs sur notre site web. Gr\u00e2ce \u00e0 ces cookies statistiques, nous obtenons des informations sur l\u2019utilisation de notre site web. Nous vous demandons votre autorisation pour placer des cookies statistiques.  <\/p>\t\t\t\t\t\t\t\t<\/div>\n\t\t\t\t<div class=\"elementor-element elementor-element-567f263 elementor-widget elementor-widget-heading\" data-id=\"567f263\" data-element_type=\"widget\" data-e-type=\"widget\" data-widget_type=\"heading.default\">\n\t\t\t\t\t<h2 class=\"elementor-heading-title elementor-size-default\">COOKIES DE MARKETING\/SUIVI<\/h2>\t\t\t\t<\/div>\n\t\t\t\t<div class=\"elementor-element elementor-element-4b4c9ad elementor-widget elementor-widget-text-editor\" data-id=\"4b4c9ad\" data-element_type=\"widget\" data-e-type=\"widget\" data-widget_type=\"text-editor.default\">\n\t\t\t\t\t\t\t\t\t<p>Les cookies de marketing\/suivi sont des cookies, ou toute autre forme de stockage local, utilis\u00e9s pour cr\u00e9er des profils d\u2019utilisateurs afin d\u2019afficher de la publicit\u00e9 ou de suivre l\u2019utilisateur sur ce site web ou sur plusieurs sites web \u00e0 des fins de marketing similaires.<\/p>\t\t\t\t\t\t\t\t<\/div>\n\t\t\t\t<div class=\"elementor-element elementor-element-aa9e51d elementor-widget elementor-widget-heading\" data-id=\"aa9e51d\" data-element_type=\"widget\" data-e-type=\"widget\" data-widget_type=\"heading.default\">\n\t\t\t\t\t<h2 class=\"elementor-heading-title elementor-size-default\">COOKIES UTILIS\u00c9S<\/h2>\t\t\t\t<\/div>\n\t\t\t\t<div class=\"elementor-element elementor-element-6138301 elementor-widget elementor-widget-text-editor\" data-id=\"6138301\" data-element_type=\"widget\" data-e-type=\"widget\" data-widget_type=\"text-editor.default\">\n\t\t\t\t\t\t\t\t\t<p>Divi (Elegant Themes)<\/p><p>Fonctionnel<br>WordPress<\/p><p>Fonctionnel<br>Divers<\/p><p>Objectif en cours de recherche<\/p>\t\t\t\t\t\t\t\t<\/div>\n\t\t\t\t<div class=\"elementor-element elementor-element-ebfe8ac elementor-widget elementor-widget-heading\" data-id=\"ebfe8ac\" data-element_type=\"widget\" data-e-type=\"widget\" data-widget_type=\"heading.default\">\n\t\t\t\t\t<h2 class=\"elementor-heading-title elementor-size-default\">CONSENTEMENT<\/h2>\t\t\t\t<\/div>\n\t\t\t\t<div class=\"elementor-element elementor-element-035c87a elementor-widget elementor-widget-text-editor\" data-id=\"035c87a\" data-element_type=\"widget\" data-e-type=\"widget\" data-widget_type=\"text-editor.default\">\n\t\t\t\t\t\t\t\t\t<p>Lorsque vous visitez notre site web pour la premi\u00e8re fois, nous vous montrons une fen\u00eatre contextuelle avec une explication sur les cookies. D\u00e8s que vous cliquez sur \u00ab&nbsp;Enregistrer les pr\u00e9f\u00e9rences&nbsp;\u00bb, vous acceptez que nous utilisions les cat\u00e9gories de cookies et de plugins que vous avez s\u00e9lectionn\u00e9s dans la fen\u00eatre contextuelle, conform\u00e9ment \u00e0 la description de cette politique relative aux cookies. Vous pouvez d\u00e9sactiver l\u2019utilisation de cookies via votre navigateur, mais veuillez noter que notre site web risque de ne plus fonctionner correctement.  <\/p>\t\t\t\t\t\t\t\t<\/div>\n\t\t\t\t<div class=\"elementor-element elementor-element-f869110 elementor-widget elementor-widget-heading\" data-id=\"f869110\" data-element_type=\"widget\" data-e-type=\"widget\" data-widget_type=\"heading.default\">\n\t\t\t\t\t<h2 class=\"elementor-heading-title elementor-size-default\">G\u00c9REZ VOS PARAM\u00c8TRES DE CONSENTEMENT<\/h2>\t\t\t\t<\/div>\n\t\t\t\t<div class=\"elementor-element elementor-element-3ba380d elementor-widget elementor-widget-text-editor\" data-id=\"3ba380d\" data-element_type=\"widget\" data-e-type=\"widget\" data-widget_type=\"text-editor.default\">\n\t\t\t\t\t\t\t\t\t<p>Fonctionnel Toujours actif<br>Statistiques<br>Marketing<\/p>\t\t\t\t\t\t\t\t<\/div>\n\t\t\t\t<div class=\"elementor-element elementor-element-38446da elementor-widget elementor-widget-heading\" data-id=\"38446da\" data-element_type=\"widget\" data-e-type=\"widget\" data-widget_type=\"heading.default\">\n\t\t\t\t\t<h2 class=\"elementor-heading-title elementor-size-default\">ACTIVATION\/D\u00c9SACTIVATION ET SUPPRESSION DES COOKIES<\/h2>\t\t\t\t<\/div>\n\t\t\t\t<div class=\"elementor-element elementor-element-7d3bd20 elementor-widget elementor-widget-text-editor\" data-id=\"7d3bd20\" data-element_type=\"widget\" data-e-type=\"widget\" data-widget_type=\"text-editor.default\">\n\t\t\t\t\t\t\t\t\t<p>Vous pouvez utiliser votre navigateur Internet pour supprimer automatiquement ou manuellement les cookies. Vous pouvez \u00e9galement sp\u00e9cifier que certains cookies ne peuvent pas \u00eatre plac\u00e9s. Une autre option consiste \u00e0 modifier les param\u00e8tres de votre navigateur Internet afin de recevoir un message chaque fois qu\u2019un cookie est plac\u00e9. Pour plus d\u2019informations sur ces options, consultez les instructions de la section \u00ab&nbsp;Aide&nbsp;\u00bb de votre navigateur.   <\/p><p>Veuillez noter que notre site web peut ne pas fonctionner correctement si tous les cookies sont d\u00e9sactiv\u00e9s. Si vous supprimez les cookies de votre navigateur, ils seront replac\u00e9s apr\u00e8s votre consentement lorsque vous visiterez \u00e0 nouveau nos sites web. <\/p>\t\t\t\t\t\t\t\t<\/div>\n\t\t\t\t<div class=\"elementor-element elementor-element-c7b5053 elementor-widget elementor-widget-heading\" data-id=\"c7b5053\" data-element_type=\"widget\" data-e-type=\"widget\" data-widget_type=\"heading.default\">\n\t\t\t\t\t<h2 class=\"elementor-heading-title elementor-size-default\">VOS DROITS CONCERNANT VOS DONN\u00c9ES PERSONNELLES<\/h2>\t\t\t\t<\/div>\n\t\t\t\t<div class=\"elementor-element elementor-element-36cdd87 elementor-widget elementor-widget-text-editor\" data-id=\"36cdd87\" data-element_type=\"widget\" data-e-type=\"widget\" data-widget_type=\"text-editor.default\">\n\t\t\t\t\t\t\t\t\t<p>Vous disposez des droits suivants concernant vos donn\u00e9es personnelles&nbsp;:<\/p><p>Vous avez le droit de savoir pourquoi vos donn\u00e9es personnelles sont n\u00e9cessaires, ce qui leur arrivera et combien de temps elles seront conserv\u00e9es.<br>Droit d\u2019acc\u00e8s&nbsp;: vous avez le droit d\u2019acc\u00e9der \u00e0 vos donn\u00e9es personnelles que nous connaissons.<br>Droit de rectification&nbsp;: vous avez le droit de compl\u00e9ter, rectifier, supprimer ou bloquer vos donn\u00e9es personnelles quand vous le souhaitez.<br>Si vous nous donnez votre consentement pour traiter vos donn\u00e9es, vous avez le droit de r\u00e9voquer ce consentement et de faire supprimer vos donn\u00e9es personnelles.<br>Droit de cession de vos donn\u00e9es&nbsp;: vous avez le droit de demander toutes vos donn\u00e9es personnelles au responsable du traitement et de les transf\u00e9rer int\u00e9gralement \u00e0 un autre responsable du traitement.<br>Droit d\u2019opposition&nbsp;: vous pouvez vous opposer au traitement de vos donn\u00e9es. Nous nous y conformons, \u00e0 moins qu\u2019il n\u2019existe des motifs justifi\u00e9s pour le traitement. <\/p><p>Pour exercer ces droits, veuillez nous contacter. Veuillez consulter les coordonn\u00e9es au bas de cette politique relative aux cookies. Si vous avez des r\u00e9clamations concernant la mani\u00e8re dont nous g\u00e9rons vos donn\u00e9es, nous aimerions que vous nous les fassiez savoir, mais vous avez \u00e9galement le droit de d\u00e9poser une plainte aupr\u00e8s de l\u2019autorit\u00e9 de surveillance (l\u2019autorit\u00e9 de protection des donn\u00e9es).  <\/p>\t\t\t\t\t\t\t\t<\/div>\n\t\t\t\t<div class=\"elementor-element elementor-element-f8d7fb8 elementor-widget elementor-widget-heading\" data-id=\"f8d7fb8\" data-element_type=\"widget\" data-e-type=\"widget\" data-widget_type=\"heading.default\">\n\t\t\t\t\t<h2 class=\"elementor-heading-title elementor-size-default\">COORDONN\u00c9ES<\/h2>\t\t\t\t<\/div>\n\t\t\t\t<div class=\"elementor-element elementor-element-261a073 elementor-widget elementor-widget-text-editor\" data-id=\"261a073\" data-element_type=\"widget\" data-e-type=\"widget\" data-widget_type=\"text-editor.default\">\n\t\t\t\t\t\t\t\t\t<p>Pour toute question et\/ou commentaire concernant notre politique relative aux cookies et cette d\u00e9claration, veuillez nous contacter en utilisant les coordonn\u00e9es suivantes&nbsp;:<\/p><p>INDUSTRIAS NAVARRAS DEL PL\u00c1STICO REFORZADO, S.L<br>POL\u00cdGONO INDUSTRIAL \u2013 PARCELAS 42-44, 31570 SAN ADRI\u00c1N (NAVARRA)<br>Espagne<br>Web&nbsp;: https:\/\/www.inpre.es<br>Courriel&nbsp;: <a title=\"Envoyer un courriel\" href=\"mailto:inpre@inpre.es\" target=\"_blank\" rel=\"noopener\">inpre@inpre.es<\/a><br>Num\u00e9ro de t\u00e9l\u00e9phone&nbsp;: 948 696 034<\/p><p>Cette politique relative aux cookies a \u00e9t\u00e9 synchronis\u00e9e avec cookiedatabase.org le 6 juillet 2021<\/p>\t\t\t\t\t\t\t\t<\/div>\n\t\t\t\t\t<\/div>\n\t\t\t\t<\/div>\n\t\t\t\t<\/div>\n\t\t","protected":false},"excerpt":{"rendered":"<p>Politique relative aux cookies Cette politique relative aux cookies a \u00e9t\u00e9 mise \u00e0 jour pour la derni\u00e8re fois le 6 juillet 2021 et s\u2019applique aux citoyens et aux r\u00e9sidents l\u00e9gaux permanents de l\u2019Espace \u00e9conomique europ\u00e9en et de la Suisse INTRODUCTION Notre site web, https:\/\/www.inpre.es (ci-apr\u00e8s&nbsp;: \u00ab&nbsp;le site web&nbsp;\u00bb) utilise des cookies et autres technologies connexes [&hellip;]<\/p>\n","protected":false},"author":4,"featured_media":0,"parent":0,"menu_order":8,"comment_status":"closed","ping_status":"closed","template":"","meta":{"footnotes":""},"class_list":["post-226269","page","type-page","status-publish","hentry"],"yoast_head":"<!-- This site is optimized with the Yoast SEO plugin v27.4 - https:\/\/yoast.com\/product\/yoast-seo-wordpress\/ -->\n<title>Politique relative aux cookies (UE) - Inpre<\/title>\n<meta name=\"robots\" content=\"index, follow, max-snippet:-1, max-image-preview:large, max-video-preview:-1\" \/>\n<link rel=\"canonical\" href=\"https:\/\/inpre.es\/fr\/politique-relative-aux-cookies-ue\/\" \/>\n<meta property=\"og:locale\" content=\"fr_FR\" \/>\n<meta property=\"og:type\" content=\"article\" \/>\n<meta property=\"og:title\" content=\"Politique relative aux cookies (UE) - Inpre\" \/>\n<meta property=\"og:description\" content=\"Politique relative aux cookies Cette politique relative aux cookies a \u00e9t\u00e9 mise \u00e0 jour pour la derni\u00e8re fois le 6 juillet 2021 et s\u2019applique aux citoyens et aux r\u00e9sidents l\u00e9gaux permanents de l\u2019Espace \u00e9conomique europ\u00e9en et de la Suisse INTRODUCTION Notre site web, https:\/\/www.inpre.es (ci-apr\u00e8s&nbsp;: \u00ab&nbsp;le site web&nbsp;\u00bb) utilise des cookies et autres technologies connexes [&hellip;]\" \/>\n<meta property=\"og:url\" content=\"https:\/\/inpre.es\/fr\/politique-relative-aux-cookies-ue\/\" \/>\n<meta property=\"og:site_name\" content=\"Inpre\" \/>\n<meta name=\"twitter:card\" content=\"summary_large_image\" \/>\n<meta name=\"twitter:label1\" content=\"Dur\u00e9e de lecture estim\u00e9e\" \/>\n\t<meta name=\"twitter:data1\" content=\"5 minutes\" \/>\n<script type=\"application\/ld+json\" class=\"yoast-schema-graph\">{\"@context\":\"https:\\\/\\\/schema.org\",\"@graph\":[{\"@type\":\"WebPage\",\"@id\":\"https:\\\/\\\/inpre.es\\\/fr\\\/politique-relative-aux-cookies-ue\\\/\",\"url\":\"https:\\\/\\\/inpre.es\\\/fr\\\/politique-relative-aux-cookies-ue\\\/\",\"name\":\"Politique relative aux cookies (UE) - Inpre\",\"isPartOf\":{\"@id\":\"https:\\\/\\\/inpre.es\\\/fr\\\/#website\"},\"datePublished\":\"2025-10-31T09:34:34+00:00\",\"breadcrumb\":{\"@id\":\"https:\\\/\\\/inpre.es\\\/fr\\\/politique-relative-aux-cookies-ue\\\/#breadcrumb\"},\"inLanguage\":\"fr-FR\",\"potentialAction\":[{\"@type\":\"ReadAction\",\"target\":[\"https:\\\/\\\/inpre.es\\\/fr\\\/politique-relative-aux-cookies-ue\\\/\"]}]},{\"@type\":\"BreadcrumbList\",\"@id\":\"https:\\\/\\\/inpre.es\\\/fr\\\/politique-relative-aux-cookies-ue\\\/#breadcrumb\",\"itemListElement\":[{\"@type\":\"ListItem\",\"position\":1,\"name\":\"Portada\",\"item\":\"https:\\\/\\\/inpre.es\\\/fr\\\/accueil\\\/\"},{\"@type\":\"ListItem\",\"position\":2,\"name\":\"Politique relative aux cookies (UE)\"}]},{\"@type\":\"WebSite\",\"@id\":\"https:\\\/\\\/inpre.es\\\/fr\\\/#website\",\"url\":\"https:\\\/\\\/inpre.es\\\/fr\\\/\",\"name\":\"Inpre\",\"description\":\"Especialistas en poliester reforzado con fibra de vidrio\",\"potentialAction\":[{\"@type\":\"SearchAction\",\"target\":{\"@type\":\"EntryPoint\",\"urlTemplate\":\"https:\\\/\\\/inpre.es\\\/fr\\\/?s={search_term_string}\"},\"query-input\":{\"@type\":\"PropertyValueSpecification\",\"valueRequired\":true,\"valueName\":\"search_term_string\"}}],\"inLanguage\":\"fr-FR\"}]}<\/script>\n<!-- \/ Yoast SEO plugin. -->","yoast_head_json":{"title":"Politique relative aux cookies (UE) - Inpre","robots":{"index":"index","follow":"follow","max-snippet":"max-snippet:-1","max-image-preview":"max-image-preview:large","max-video-preview":"max-video-preview:-1"},"canonical":"https:\/\/inpre.es\/fr\/politique-relative-aux-cookies-ue\/","og_locale":"fr_FR","og_type":"article","og_title":"Politique relative aux cookies (UE) - Inpre","og_description":"Politique relative aux cookies Cette politique relative aux cookies a \u00e9t\u00e9 mise \u00e0 jour pour la derni\u00e8re fois le 6 juillet 2021 et s\u2019applique aux citoyens et aux r\u00e9sidents l\u00e9gaux permanents de l\u2019Espace \u00e9conomique europ\u00e9en et de la Suisse INTRODUCTION Notre site web, https:\/\/www.inpre.es (ci-apr\u00e8s&nbsp;: \u00ab&nbsp;le site web&nbsp;\u00bb) utilise des cookies et autres technologies connexes [&hellip;]","og_url":"https:\/\/inpre.es\/fr\/politique-relative-aux-cookies-ue\/","og_site_name":"Inpre","twitter_card":"summary_large_image","twitter_misc":{"Dur\u00e9e de lecture estim\u00e9e":"5 minutes"},"schema":{"@context":"https:\/\/schema.org","@graph":[{"@type":"WebPage","@id":"https:\/\/inpre.es\/fr\/politique-relative-aux-cookies-ue\/","url":"https:\/\/inpre.es\/fr\/politique-relative-aux-cookies-ue\/","name":"Politique relative aux cookies (UE) - Inpre","isPartOf":{"@id":"https:\/\/inpre.es\/fr\/#website"},"datePublished":"2025-10-31T09:34:34+00:00","breadcrumb":{"@id":"https:\/\/inpre.es\/fr\/politique-relative-aux-cookies-ue\/#breadcrumb"},"inLanguage":"fr-FR","potentialAction":[{"@type":"ReadAction","target":["https:\/\/inpre.es\/fr\/politique-relative-aux-cookies-ue\/"]}]},{"@type":"BreadcrumbList","@id":"https:\/\/inpre.es\/fr\/politique-relative-aux-cookies-ue\/#breadcrumb","itemListElement":[{"@type":"ListItem","position":1,"name":"Portada","item":"https:\/\/inpre.es\/fr\/accueil\/"},{"@type":"ListItem","position":2,"name":"Politique relative aux cookies (UE)"}]},{"@type":"WebSite","@id":"https:\/\/inpre.es\/fr\/#website","url":"https:\/\/inpre.es\/fr\/","name":"Inpre","description":"Especialistas en poliester reforzado con fibra de vidrio","potentialAction":[{"@type":"SearchAction","target":{"@type":"EntryPoint","urlTemplate":"https:\/\/inpre.es\/fr\/?s={search_term_string}"},"query-input":{"@type":"PropertyValueSpecification","valueRequired":true,"valueName":"search_term_string"}}],"inLanguage":"fr-FR"}]}},"_links":{"self":[{"href":"https:\/\/inpre.es\/fr\/wp-json\/wp\/v2\/pages\/226269","targetHints":{"allow":["GET"]}}],"collection":[{"href":"https:\/\/inpre.es\/fr\/wp-json\/wp\/v2\/pages"}],"about":[{"href":"https:\/\/inpre.es\/fr\/wp-json\/wp\/v2\/types\/page"}],"author":[{"embeddable":true,"href":"https:\/\/inpre.es\/fr\/wp-json\/wp\/v2\/users\/4"}],"replies":[{"embeddable":true,"href":"https:\/\/inpre.es\/fr\/wp-json\/wp\/v2\/comments?post=226269"}],"version-history":[{"count":1,"href":"https:\/\/inpre.es\/fr\/wp-json\/wp\/v2\/pages\/226269\/revisions"}],"predecessor-version":[{"id":226270,"href":"https:\/\/inpre.es\/fr\/wp-json\/wp\/v2\/pages\/226269\/revisions\/226270"}],"wp:attachment":[{"href":"https:\/\/inpre.es\/fr\/wp-json\/wp\/v2\/media?parent=226269"}],"curies":[{"name":"wp","href":"https:\/\/api.w.org\/{rel}","templated":true}]}}