{"id":226277,"date":"2025-10-31T10:41:35","date_gmt":"2025-10-31T09:41:35","guid":{"rendered":"https:\/\/inpre.es\/politique-de-confidentialite\/"},"modified":"2025-10-31T10:41:35","modified_gmt":"2025-10-31T09:41:35","slug":"politique-de-confidentialite","status":"publish","type":"page","link":"https:\/\/inpre.es\/fr\/politique-de-confidentialite\/","title":{"rendered":"Politique de confidentialit\u00e9"},"content":{"rendered":"\t\t<div data-elementor-type=\"wp-page\" data-elementor-id=\"226277\" class=\"elementor elementor-226277 elementor-224181\" data-elementor-post-type=\"page\">\n\t\t\t\t<div class=\"elementor-element elementor-element-d0a3dfc e-flex e-con-boxed e-con e-parent\" data-id=\"d0a3dfc\" data-element_type=\"container\" data-e-type=\"container\">\n\t\t\t\t\t<div class=\"e-con-inner\">\n\t\t\t\t<div class=\"elementor-element elementor-element-deb00f9 elementor-widget elementor-widget-heading\" data-id=\"deb00f9\" data-element_type=\"widget\" data-e-type=\"widget\" data-widget_type=\"heading.default\">\n\t\t\t\t\t<h2 class=\"elementor-heading-title elementor-size-default\">POLITIQUE DE CONFIDENTIALIT\u00c9<\/h2>\t\t\t\t<\/div>\n\t\t\t\t<div class=\"elementor-element elementor-element-75914d9 elementor-widget elementor-widget-text-editor\" data-id=\"75914d9\" data-element_type=\"widget\" data-e-type=\"widget\" data-widget_type=\"text-editor.default\">\n\t\t\t\t\t\t\t\t\t<p>Derni\u00e8re mise \u00e0 jour&nbsp;: juillet&nbsp;2020.<\/p>\t\t\t\t\t\t\t\t<\/div>\n\t\t\t\t<div class=\"elementor-element elementor-element-1821dad elementor-widget elementor-widget-heading\" data-id=\"1821dad\" data-element_type=\"widget\" data-e-type=\"widget\" data-widget_type=\"heading.default\">\n\t\t\t\t\t<h2 class=\"elementor-heading-title elementor-size-default\">INFORMATION \u00c0 L\u2019UTILISATEUR<\/h2>\t\t\t\t<\/div>\n\t\t\t\t<div class=\"elementor-element elementor-element-f656d56 elementor-widget elementor-widget-text-editor\" data-id=\"f656d56\" data-element_type=\"widget\" data-e-type=\"widget\" data-widget_type=\"text-editor.default\">\n\t\t\t\t\t\t\t\t\t<p>INDUSTRIAS NAVARRAS DEL PL\u00c1STICO REFORZADO, S.L, en tant que Responsable du Traitement, vous informe que, conform\u00e9ment aux dispositions du R\u00e8glement (UE) 2016\/679 du 27&nbsp;avril (RGPD) et de la L.O.&nbsp;3\/2018 du 5&nbsp;d\u00e9cembre, relative \u00e0 la protection des donn\u00e9es \u00e0 caract\u00e8re personnel et \u00e0 la garantie des droits num\u00e9riques (LOPDGDD), nous traiterons vos donn\u00e9es tel que nous le pr\u00e9cisons dans la pr\u00e9sente Politique de confidentialit\u00e9.<\/p><p>Dans cette Politique de confidentialit\u00e9, nous d\u00e9crivons comment nous recueillons vos donn\u00e9es personnelles et pourquoi nous les recueillons, ce que nous en faisons, avec qui nous les partageons, comment nous les prot\u00e9geons et vos options concernant le traitement de vos donn\u00e9es personnelles.<\/p><p>Cette Politique s\u2019applique au traitement de vos donn\u00e9es personnelles recueillies par l\u2019entreprise pour la prestation de ses services. Si vous acceptez les mesures de cette Politique, vous acceptez que nous traitions vos donn\u00e9es personnelles comme d\u00e9fini dans cette Politique. <\/p>\t\t\t\t\t\t\t\t<\/div>\n\t\t\t\t<div class=\"elementor-element elementor-element-5cd3bf7 elementor-widget elementor-widget-heading\" data-id=\"5cd3bf7\" data-element_type=\"widget\" data-e-type=\"widget\" data-widget_type=\"heading.default\">\n\t\t\t\t\t<h2 class=\"elementor-heading-title elementor-size-default\">CONTACT<\/h2>\t\t\t\t<\/div>\n\t\t\t\t<div class=\"elementor-element elementor-element-9d2c867 elementor-widget elementor-widget-text-editor\" data-id=\"9d2c867\" data-element_type=\"widget\" data-e-type=\"widget\" data-widget_type=\"text-editor.default\">\n\t\t\t\t\t\t\t\t\t<p>D\u00e9nomination sociale&nbsp;: INDUSTRIAS NAVARRAS DEL PL\u00c1STICO REFORZADO, S.L<br>Nom commercial&nbsp;: INPRE<br>CIF&nbsp;: B31216435<br>Domicile&nbsp;: Pol\u00edgono Industrial \u2013 Parcelas 42-44, 31570 San Adri\u00e1n (Navarre)<br>e-mail&nbsp;: inpre@inpre.es<\/p>\t\t\t\t\t\t\t\t<\/div>\n\t\t\t\t<div class=\"elementor-element elementor-element-f244d64 elementor-widget elementor-widget-heading\" data-id=\"f244d64\" data-element_type=\"widget\" data-e-type=\"widget\" data-widget_type=\"heading.default\">\n\t\t\t\t\t<h2 class=\"elementor-heading-title elementor-size-default\">PRINCIPES CL\u00c9S<\/h2>\t\t\t\t<\/div>\n\t\t\t\t<div class=\"elementor-element elementor-element-d8ba190 elementor-widget elementor-widget-text-editor\" data-id=\"d8ba190\" data-element_type=\"widget\" data-e-type=\"widget\" data-widget_type=\"text-editor.default\">\n\t\t\t\t\t\t\t\t\t<p>Nous avons toujours eu \u00e0 c\u0153ur de fournir nos services avec le plus haut degr\u00e9 de qualit\u00e9, ce qui inclut le traitement de vos donn\u00e9es en toute s\u00e9curit\u00e9 et transparence. Nos principes sont les suivants&nbsp;: <\/p><p>L\u00e9galit\u00e9&nbsp;: Nous ne recueillerons vos donn\u00e9es personnelles qu\u2019\u00e0 des fins sp\u00e9cifiques, explicites et l\u00e9gitimes.<br>Minimisation des donn\u00e9es&nbsp;: Nous limitons la collecte de donn\u00e9es \u00e0 caract\u00e8re personnel \u00e0 ce qui est strictement pertinent et n\u00e9cessaire aux fins pour lesquelles elles ont \u00e9t\u00e9 recueillies.<br>Limitation de la Finalit\u00e9&nbsp;: Nous ne recueillerons vos donn\u00e9es personnelles qu\u2019aux fins d\u00e9clar\u00e9es et uniquement selon vos souhaits.<br>Pr\u00e9cision&nbsp;: Nous veillerons \u00e0 ce que vos donn\u00e9es personnelles soient exactes et mises \u00e0 jour.<br>S\u00e9curit\u00e9 des Donn\u00e9es&nbsp;: Nous appliquons les mesures techniques et organisationnelles appropri\u00e9es et proportionn\u00e9es aux risques afin de garantir que vos donn\u00e9es ne subissent pas de dommages, tels que la divulgation ou l\u2019acc\u00e8s non autoris\u00e9, la destruction accidentelle ou illicite ou leur perte accidentelle ou alt\u00e9ration et toute autre forme de traitement illicite.<br>Acc\u00e8s et Rectification&nbsp;: Nous disposons de moyens pour que vous acc\u00e9diez \u00e0 vos donn\u00e9es ou les rectifiiez lorsque vous le jugez opportun.<br>Conservation&nbsp;: Nous conservons vos donn\u00e9es personnelles de mani\u00e8re l\u00e9gale et appropri\u00e9e et uniquement pendant la dur\u00e9e n\u00e9cessaire aux fins pour lesquelles elles ont \u00e9t\u00e9 recueillies.<br>Les transferts internationaux&nbsp;: lorsque vos donn\u00e9es doivent \u00eatre transf\u00e9r\u00e9es en dehors de l\u2019UE\/EEE, elles seront prot\u00e9g\u00e9es de mani\u00e8re ad\u00e9quate.<br>Tiers&nbsp;: L\u2019acc\u00e8s et le transfert de donn\u00e9es personnelles \u00e0 des tiers sont effectu\u00e9s conform\u00e9ment aux lois et r\u00e9glementations applicables et avec les garanties contractuelles appropri\u00e9es.<br>Marketing Direct et cookies&nbsp;: Nous respectons la l\u00e9gislation applicable en mati\u00e8re de publicit\u00e9 et de cookies.<\/p>\t\t\t\t\t\t\t\t<\/div>\n\t\t\t\t<div class=\"elementor-element elementor-element-a68847a elementor-widget elementor-widget-heading\" data-id=\"a68847a\" data-element_type=\"widget\" data-e-type=\"widget\" data-widget_type=\"heading.default\">\n\t\t\t\t\t<h2 class=\"elementor-heading-title elementor-size-default\">RECOLTE ET TRAITEMENT DE VOS DONN\u00c9ES PERSONNELLES<\/h2>\t\t\t\t<\/div>\n\t\t\t\t<div class=\"elementor-element elementor-element-89101b1 elementor-widget elementor-widget-text-editor\" data-id=\"89101b1\" data-element_type=\"widget\" data-e-type=\"widget\" data-widget_type=\"text-editor.default\">\n\t\t\t\t\t\t\t\t\t<p>Les types de donn\u00e9es qui peuvent \u00eatre demand\u00e9s et trait\u00e9s sont les suivants&nbsp;:<\/p><p>Donn\u00e9es \u00e0 caract\u00e8re identificatif.<\/p><p>Nous recueillons \u00e9galement automatiquement des donn\u00e9es sur votre visite sur notre site web, comme d\u00e9crit dans la politique de cookies.<\/p><p>Chaque fois que nous demandons vos donn\u00e9es personnelles, nous vous informons clairement des donn\u00e9es personnelles que nous recueillons et dans quel but. En g\u00e9n\u00e9ral, nous recueillons et traitons vos donn\u00e9es personnelles dans le but de&nbsp;: <\/p><p>Fournir des informations, des services, des produits, des informations pertinentes et des nouveaut\u00e9s dans le secteur.<br>Envoi de communications.<\/p>\t\t\t\t\t\t\t\t<\/div>\n\t\t\t\t<div class=\"elementor-element elementor-element-2969e8e elementor-widget elementor-widget-heading\" data-id=\"2969e8e\" data-element_type=\"widget\" data-e-type=\"widget\" data-widget_type=\"heading.default\">\n\t\t\t\t\t<h2 class=\"elementor-heading-title elementor-size-default\">L\u00c9GITIMIT\u00c9<\/h2>\t\t\t\t<\/div>\n\t\t\t\t<div class=\"elementor-element elementor-element-d608c9f elementor-widget elementor-widget-text-editor\" data-id=\"d608c9f\" data-element_type=\"widget\" data-e-type=\"widget\" data-widget_type=\"text-editor.default\">\n\t\t\t\t\t\t\t\t\t<p>Conform\u00e9ment \u00e0 la r\u00e9glementation applicable en mati\u00e8re de protection des donn\u00e9es, vos donn\u00e9es personnelles pourront \u00eatre trait\u00e9es \u00e0 condition que&nbsp;:<\/p><p>Vous nous ayez donn\u00e9 votre consentement aux fins du traitement. Vous pourrez bien entendu retirer votre consentement \u00e0 tout moment.<br>Par exigence l\u00e9gale.<br>Parce qu\u2019il existe un int\u00e9r\u00eat l\u00e9gitime qui n\u2019est pas compromis par vos droits \u00e0 la vie priv\u00e9e, comme par exemple l\u2019envoi d\u2019informations commerciales, soit par abonnement \u00e0 notre newsletter, soit en raison de votre statut de client.<br>Parce que cela est n\u00e9cessaire \u00e0 la prestation de l\u2019un de nos services par le biais d\u2019une relation contractuelle entre vous et nous. <\/p>\t\t\t\t\t\t\t\t<\/div>\n\t\t\t\t<div class=\"elementor-element elementor-element-e3d17c5 elementor-widget elementor-widget-heading\" data-id=\"e3d17c5\" data-element_type=\"widget\" data-e-type=\"widget\" data-widget_type=\"heading.default\">\n\t\t\t\t\t<h2 class=\"elementor-heading-title elementor-size-default\">COMMUNICATION DE DONN\u00c9ES PERSONNELLES<\/h2>\t\t\t\t<\/div>\n\t\t\t\t<div class=\"elementor-element elementor-element-6971996 elementor-widget elementor-widget-text-editor\" data-id=\"6971996\" data-element_type=\"widget\" data-e-type=\"widget\" data-widget_type=\"text-editor.default\">\n\t\t\t\t\t\t\t\t\t<p>Les donn\u00e9es peuvent \u00eatre communiqu\u00e9es \u00e0 des entreprises li\u00e9es \u00e0 INDUSTRIAS NAVARRAS DEL PL\u00c1STICO REFORZADO, S.L pour la prestation des divers services en qualit\u00e9 de Charg\u00e9s du Traitement. L\u2019entreprise ne r\u00e9alisera aucune cession, sauf en cas d\u2019obligation l\u00e9gale. <\/p>\t\t\t\t\t\t\t\t<\/div>\n\t\t\t\t<div class=\"elementor-element elementor-element-8c0e4c1 elementor-widget elementor-widget-heading\" data-id=\"8c0e4c1\" data-element_type=\"widget\" data-e-type=\"widget\" data-widget_type=\"heading.default\">\n\t\t\t\t\t<h2 class=\"elementor-heading-title elementor-size-default\">VOS DROITS<\/h2>\t\t\t\t<\/div>\n\t\t\t\t<div class=\"elementor-element elementor-element-d1605a5 elementor-widget elementor-widget-text-editor\" data-id=\"d1605a5\" data-element_type=\"widget\" data-e-type=\"widget\" data-widget_type=\"text-editor.default\">\n\t\t\t\t\t\t\t\t\t<p>En relation avec la collecte et le traitement de vos donn\u00e9es personnelles, vous pouvez nous contacter \u00e0 tout moment pour&nbsp;:<\/p><p>Acc\u00e9der \u00e0 vos donn\u00e9es personnelles et \u00e0 toute autre information indiqu\u00e9e \u00e0 l\u2019Article&nbsp;15.1 du RGPD.<br>Rectifier vos donn\u00e9es personnelles qui sont inexactes ou incompl\u00e8tes conform\u00e9ment \u00e0 l\u2019Article&nbsp;16 du RGPD.<br>Supprimer vos donn\u00e9es personnelles conform\u00e9ment \u00e0 l\u2019Article&nbsp;17 du RGPD.<br>Limiter le traitement de vos donn\u00e9es personnelles conform\u00e9ment \u00e0 l\u2019Article&nbsp;18 du RGPD.<br>Demander la portabilit\u00e9 de vos donn\u00e9es conform\u00e9ment \u00e0 l\u2019Article&nbsp;20 du RGPD.<br>Vous opposer au traitement de vos donn\u00e9es personnelles conform\u00e9ment \u00e0 l\u2019article&nbsp;21 du RGPD.<\/p><p>Si vous avez donn\u00e9 votre consentement pour une finalit\u00e9 concr\u00e8te, vous avez le droit de retirer le consentement donn\u00e9 \u00e0 tout moment, sans que cela n\u2019affecte la lic\u00e9it\u00e9 du traitement fond\u00e9 sur le consentement pr\u00e9alable \u00e0 son retrait.<\/p><p>Vous pouvez exercer ces droits en envoyant une communication, motiv\u00e9e et accr\u00e9dit\u00e9e, \u00e0 inpre@inpre.es<\/p><p>Vous avez \u00e9galement le droit de d\u00e9poser une r\u00e9clamation aupr\u00e8s de l\u2019Autorit\u00e9 de contr\u00f4le comp\u00e9tente (www.aepd.es) si vous estimez que le traitement n\u2019est pas conforme \u00e0 la r\u00e9glementation en vigueur.<\/p>\t\t\t\t\t\t\t\t<\/div>\n\t\t\t\t<div class=\"elementor-element elementor-element-6e141d9 elementor-widget elementor-widget-heading\" data-id=\"6e141d9\" data-element_type=\"widget\" data-e-type=\"widget\" data-widget_type=\"heading.default\">\n\t\t\t\t\t<h2 class=\"elementor-heading-title elementor-size-default\">INFORMATIONS L\u00c9GALES<\/h2>\t\t\t\t<\/div>\n\t\t\t\t<div class=\"elementor-element elementor-element-f616d26 elementor-widget elementor-widget-text-editor\" data-id=\"f616d26\" data-element_type=\"widget\" data-e-type=\"widget\" data-widget_type=\"text-editor.default\">\n\t\t\t\t\t\t\t\t\t<p>Les exigences de cette Politique compl\u00e8tent, et ne remplacent pas, toute autre exigence existante en vertu de la loi de protection des donn\u00e9es applicable, qui sera celle qui pr\u00e9vaudra dans tous les cas.<\/p><p>Cette Politique est soumise \u00e0 des r\u00e9visions p\u00e9riodiques et l\u2019entreprise peut la modifier \u00e0 tout moment. Lorsque cela se produira, nous vous informerons de tout changement et vous demanderons de relire la version la plus r\u00e9cente de notre Politique et de confirmer votre acceptation. <\/p>\t\t\t\t\t\t\t\t<\/div>\n\t\t\t\t\t<\/div>\n\t\t\t\t<\/div>\n\t\t\t\t<\/div>\n\t\t","protected":false},"excerpt":{"rendered":"<p>POLITIQUE DE CONFIDENTIALIT\u00c9 Derni\u00e8re mise \u00e0 jour&nbsp;: juillet&nbsp;2020. INFORMATION \u00c0 L\u2019UTILISATEUR INDUSTRIAS NAVARRAS DEL PL\u00c1STICO REFORZADO, S.L, en tant que Responsable du Traitement, vous informe que, conform\u00e9ment aux dispositions du R\u00e8glement (UE) 2016\/679 du 27&nbsp;avril (RGPD) et de la L.O.&nbsp;3\/2018 du 5&nbsp;d\u00e9cembre, relative \u00e0 la protection des donn\u00e9es \u00e0 caract\u00e8re personnel et \u00e0 la garantie [&hellip;]<\/p>\n","protected":false},"author":4,"featured_media":0,"parent":0,"menu_order":8,"comment_status":"closed","ping_status":"closed","template":"","meta":{"footnotes":""},"class_list":["post-226277","page","type-page","status-publish","hentry"],"yoast_head":"<!-- This site is optimized with the Yoast SEO plugin v27.4 - https:\/\/yoast.com\/product\/yoast-seo-wordpress\/ -->\n<title>Politique de confidentialit\u00e9 - Inpre<\/title>\n<meta name=\"robots\" content=\"index, follow, max-snippet:-1, max-image-preview:large, max-video-preview:-1\" \/>\n<link rel=\"canonical\" href=\"https:\/\/inpre.es\/fr\/politique-de-confidentialite\/\" \/>\n<meta property=\"og:locale\" content=\"fr_FR\" \/>\n<meta property=\"og:type\" content=\"article\" \/>\n<meta property=\"og:title\" content=\"Politique de confidentialit\u00e9 - Inpre\" \/>\n<meta property=\"og:description\" content=\"POLITIQUE DE CONFIDENTIALIT\u00c9 Derni\u00e8re mise \u00e0 jour&nbsp;: juillet&nbsp;2020. INFORMATION \u00c0 L\u2019UTILISATEUR INDUSTRIAS NAVARRAS DEL PL\u00c1STICO REFORZADO, S.L, en tant que Responsable du Traitement, vous informe que, conform\u00e9ment aux dispositions du R\u00e8glement (UE) 2016\/679 du 27&nbsp;avril (RGPD) et de la L.O.&nbsp;3\/2018 du 5&nbsp;d\u00e9cembre, relative \u00e0 la protection des donn\u00e9es \u00e0 caract\u00e8re personnel et \u00e0 la garantie [&hellip;]\" \/>\n<meta property=\"og:url\" content=\"https:\/\/inpre.es\/fr\/politique-de-confidentialite\/\" \/>\n<meta property=\"og:site_name\" content=\"Inpre\" \/>\n<meta name=\"twitter:card\" content=\"summary_large_image\" \/>\n<meta name=\"twitter:label1\" content=\"Dur\u00e9e de lecture estim\u00e9e\" \/>\n\t<meta name=\"twitter:data1\" content=\"6 minutes\" \/>\n<script type=\"application\/ld+json\" class=\"yoast-schema-graph\">{\"@context\":\"https:\\\/\\\/schema.org\",\"@graph\":[{\"@type\":\"WebPage\",\"@id\":\"https:\\\/\\\/inpre.es\\\/fr\\\/politique-de-confidentialite\\\/\",\"url\":\"https:\\\/\\\/inpre.es\\\/fr\\\/politique-de-confidentialite\\\/\",\"name\":\"Politique de confidentialit\u00e9 - Inpre\",\"isPartOf\":{\"@id\":\"https:\\\/\\\/inpre.es\\\/fr\\\/#website\"},\"datePublished\":\"2025-10-31T09:41:35+00:00\",\"breadcrumb\":{\"@id\":\"https:\\\/\\\/inpre.es\\\/fr\\\/politique-de-confidentialite\\\/#breadcrumb\"},\"inLanguage\":\"fr-FR\",\"potentialAction\":[{\"@type\":\"ReadAction\",\"target\":[\"https:\\\/\\\/inpre.es\\\/fr\\\/politique-de-confidentialite\\\/\"]}]},{\"@type\":\"BreadcrumbList\",\"@id\":\"https:\\\/\\\/inpre.es\\\/fr\\\/politique-de-confidentialite\\\/#breadcrumb\",\"itemListElement\":[{\"@type\":\"ListItem\",\"position\":1,\"name\":\"Portada\",\"item\":\"https:\\\/\\\/inpre.es\\\/fr\\\/accueil\\\/\"},{\"@type\":\"ListItem\",\"position\":2,\"name\":\"Politique de confidentialit\u00e9\"}]},{\"@type\":\"WebSite\",\"@id\":\"https:\\\/\\\/inpre.es\\\/fr\\\/#website\",\"url\":\"https:\\\/\\\/inpre.es\\\/fr\\\/\",\"name\":\"Inpre\",\"description\":\"Especialistas en poliester reforzado con fibra de vidrio\",\"potentialAction\":[{\"@type\":\"SearchAction\",\"target\":{\"@type\":\"EntryPoint\",\"urlTemplate\":\"https:\\\/\\\/inpre.es\\\/fr\\\/?s={search_term_string}\"},\"query-input\":{\"@type\":\"PropertyValueSpecification\",\"valueRequired\":true,\"valueName\":\"search_term_string\"}}],\"inLanguage\":\"fr-FR\"}]}<\/script>\n<!-- \/ Yoast SEO plugin. -->","yoast_head_json":{"title":"Politique de confidentialit\u00e9 - Inpre","robots":{"index":"index","follow":"follow","max-snippet":"max-snippet:-1","max-image-preview":"max-image-preview:large","max-video-preview":"max-video-preview:-1"},"canonical":"https:\/\/inpre.es\/fr\/politique-de-confidentialite\/","og_locale":"fr_FR","og_type":"article","og_title":"Politique de confidentialit\u00e9 - Inpre","og_description":"POLITIQUE DE CONFIDENTIALIT\u00c9 Derni\u00e8re mise \u00e0 jour&nbsp;: juillet&nbsp;2020. INFORMATION \u00c0 L\u2019UTILISATEUR INDUSTRIAS NAVARRAS DEL PL\u00c1STICO REFORZADO, S.L, en tant que Responsable du Traitement, vous informe que, conform\u00e9ment aux dispositions du R\u00e8glement (UE) 2016\/679 du 27&nbsp;avril (RGPD) et de la L.O.&nbsp;3\/2018 du 5&nbsp;d\u00e9cembre, relative \u00e0 la protection des donn\u00e9es \u00e0 caract\u00e8re personnel et \u00e0 la garantie [&hellip;]","og_url":"https:\/\/inpre.es\/fr\/politique-de-confidentialite\/","og_site_name":"Inpre","twitter_card":"summary_large_image","twitter_misc":{"Dur\u00e9e de lecture estim\u00e9e":"6 minutes"},"schema":{"@context":"https:\/\/schema.org","@graph":[{"@type":"WebPage","@id":"https:\/\/inpre.es\/fr\/politique-de-confidentialite\/","url":"https:\/\/inpre.es\/fr\/politique-de-confidentialite\/","name":"Politique de confidentialit\u00e9 - Inpre","isPartOf":{"@id":"https:\/\/inpre.es\/fr\/#website"},"datePublished":"2025-10-31T09:41:35+00:00","breadcrumb":{"@id":"https:\/\/inpre.es\/fr\/politique-de-confidentialite\/#breadcrumb"},"inLanguage":"fr-FR","potentialAction":[{"@type":"ReadAction","target":["https:\/\/inpre.es\/fr\/politique-de-confidentialite\/"]}]},{"@type":"BreadcrumbList","@id":"https:\/\/inpre.es\/fr\/politique-de-confidentialite\/#breadcrumb","itemListElement":[{"@type":"ListItem","position":1,"name":"Portada","item":"https:\/\/inpre.es\/fr\/accueil\/"},{"@type":"ListItem","position":2,"name":"Politique de confidentialit\u00e9"}]},{"@type":"WebSite","@id":"https:\/\/inpre.es\/fr\/#website","url":"https:\/\/inpre.es\/fr\/","name":"Inpre","description":"Especialistas en poliester reforzado con fibra de vidrio","potentialAction":[{"@type":"SearchAction","target":{"@type":"EntryPoint","urlTemplate":"https:\/\/inpre.es\/fr\/?s={search_term_string}"},"query-input":{"@type":"PropertyValueSpecification","valueRequired":true,"valueName":"search_term_string"}}],"inLanguage":"fr-FR"}]}},"_links":{"self":[{"href":"https:\/\/inpre.es\/fr\/wp-json\/wp\/v2\/pages\/226277","targetHints":{"allow":["GET"]}}],"collection":[{"href":"https:\/\/inpre.es\/fr\/wp-json\/wp\/v2\/pages"}],"about":[{"href":"https:\/\/inpre.es\/fr\/wp-json\/wp\/v2\/types\/page"}],"author":[{"embeddable":true,"href":"https:\/\/inpre.es\/fr\/wp-json\/wp\/v2\/users\/4"}],"replies":[{"embeddable":true,"href":"https:\/\/inpre.es\/fr\/wp-json\/wp\/v2\/comments?post=226277"}],"version-history":[{"count":1,"href":"https:\/\/inpre.es\/fr\/wp-json\/wp\/v2\/pages\/226277\/revisions"}],"predecessor-version":[{"id":226278,"href":"https:\/\/inpre.es\/fr\/wp-json\/wp\/v2\/pages\/226277\/revisions\/226278"}],"wp:attachment":[{"href":"https:\/\/inpre.es\/fr\/wp-json\/wp\/v2\/media?parent=226277"}],"curies":[{"name":"wp","href":"https:\/\/api.w.org\/{rel}","templated":true}]}}